{"id":7,"date":"2019-09-24T13:21:30","date_gmt":"2019-09-24T11:21:30","guid":{"rendered":"http:\/\/magodzianki.pl\/index.php\/koszyk\/"},"modified":"2019-11-30T13:39:28","modified_gmt":"2019-11-30T12:39:28","slug":"koszyk","status":"publish","type":"page","link":"https:\/\/misiulanki.pl\/index.php\/koszyk\/","title":{"rendered":"Koszyk"},"content":{"rendered":"\n","protected":false},"excerpt":{"rendered":"","protected":false},"author":1,"featured_media":0,"parent":0,"menu_order":0,"comment_status":"closed","ping_status":"closed","template":"","meta":{"ocean_post_layout":"","ocean_both_sidebars_style":"","ocean_both_sidebars_content_width":0,"ocean_both_sidebars_sidebars_width":0,"ocean_sidebar":"","ocean_second_sidebar":"","ocean_disable_margins":"enable","ocean_add_body_class":"","ocean_shortcode_before_top_bar":"","ocean_shortcode_after_top_bar":"","ocean_shortcode_before_header":"","ocean_shortcode_after_header":"","ocean_has_shortcode":"","ocean_shortcode_after_title":"","ocean_shortcode_before_footer_widgets":"","ocean_shortcode_after_footer_widgets":"","ocean_shortcode_before_footer_bottom":"","ocean_shortcode_after_footer_bottom":"","ocean_display_top_bar":"default","ocean_display_header":"default","ocean_header_style":"","ocean_center_header_left_menu":"","ocean_custom_header_template":"","ocean_custom_logo":0,"ocean_custom_retina_logo":0,"ocean_custom_logo_max_width":0,"ocean_custom_logo_tablet_max_width":0,"ocean_custom_logo_mobile_max_width":0,"ocean_custom_logo_max_height":0,"ocean_custom_logo_tablet_max_height":0,"ocean_custom_logo_mobile_max_height":0,"ocean_header_custom_menu":"","ocean_menu_typo_font_family":"","ocean_menu_typo_font_subset":"","ocean_menu_typo_font_size":0,"ocean_menu_typo_font_size_tablet":0,"ocean_menu_typo_font_size_mobile":0,"ocean_menu_typo_font_size_unit":"px","ocean_menu_typo_font_weight":"","ocean_menu_typo_font_weight_tablet":"","ocean_menu_typo_font_weight_mobile":"","ocean_menu_typo_transform":"","ocean_menu_typo_transform_tablet":"","ocean_menu_typo_transform_mobile":"","ocean_menu_typo_line_height":0,"ocean_menu_typo_line_height_tablet":0,"ocean_menu_typo_line_height_mobile":0,"ocean_menu_typo_line_height_unit":"","ocean_menu_typo_spacing":0,"ocean_menu_typo_spacing_tablet":0,"ocean_menu_typo_spacing_mobile":0,"ocean_menu_typo_spacing_unit":"","ocean_menu_link_color":"","ocean_menu_link_color_hover":"","ocean_menu_link_color_active":"","ocean_menu_link_background":"","ocean_menu_link_hover_background":"","ocean_menu_link_active_background":"","ocean_menu_social_links_bg":"","ocean_menu_social_hover_links_bg":"","ocean_menu_social_links_color":"","ocean_menu_social_hover_links_color":"","ocean_disable_title":"default","ocean_disable_heading":"default","ocean_post_title":"","ocean_post_subheading":"","ocean_post_title_style":"","ocean_post_title_background_color":"","ocean_post_title_background":0,"ocean_post_title_bg_image_position":"","ocean_post_title_bg_image_attachment":"","ocean_post_title_bg_image_repeat":"","ocean_post_title_bg_image_size":"","ocean_post_title_height":0,"ocean_post_title_bg_overlay":0.5,"ocean_post_title_bg_overlay_color":"","ocean_disable_breadcrumbs":"default","ocean_breadcrumbs_color":"","ocean_breadcrumbs_separator_color":"","ocean_breadcrumbs_links_color":"","ocean_breadcrumbs_links_hover_color":"","ocean_display_footer_widgets":"default","ocean_display_footer_bottom":"default","ocean_custom_footer_template":"","footnotes":""},"class_list":["post-7","page","type-page","status-publish","hentry","entry","owp-thumbs-layout-horizontal","owp-btn-normal","owp-tabs-layout-horizontal","has-no-thumbnails","has-product-nav"],"yoast_head":"<!-- This site is optimized with the Yoast SEO plugin v25.7 - https:\/\/yoast.com\/wordpress\/plugins\/seo\/ -->\n<title>Koszyk - Misiulanki.pl, poduszki, po\u015bciele, kocyki, artyku\u0142y dla dzieci i niemowl\u0105t<\/title>\n<meta name=\"robots\" content=\"index, follow, max-snippet:-1, max-image-preview:large, max-video-preview:-1\" \/>\n<link rel=\"canonical\" href=\"https:\/\/misiulanki.pl\/index.php\/koszyk\/\" \/>\n<meta property=\"og:locale\" content=\"pl_PL\" \/>\n<meta property=\"og:type\" content=\"article\" \/>\n<meta property=\"og:title\" content=\"Koszyk - Misiulanki.pl, poduszki, po\u015bciele, kocyki, artyku\u0142y dla dzieci i niemowl\u0105t\" \/>\n<meta property=\"og:url\" content=\"https:\/\/misiulanki.pl\/index.php\/koszyk\/\" \/>\n<meta property=\"og:site_name\" content=\"Misiulanki.pl, poduszki, po\u015bciele, kocyki, artyku\u0142y dla dzieci i niemowl\u0105t\" \/>\n<meta property=\"article:publisher\" content=\"https:\/\/www.facebook.com\/magodzianki\/\" \/>\n<meta property=\"article:modified_time\" content=\"2019-11-30T12:39:28+00:00\" \/>\n<meta name=\"twitter:card\" content=\"summary_large_image\" \/>\n<script type=\"application\/ld+json\" class=\"yoast-schema-graph\">{\"@context\":\"https:\/\/schema.org\",\"@graph\":[{\"@type\":\"WebPage\",\"@id\":\"https:\/\/misiulanki.pl\/index.php\/koszyk\/\",\"url\":\"https:\/\/misiulanki.pl\/index.php\/koszyk\/\",\"name\":\"Koszyk - Misiulanki.pl, poduszki, po\u015bciele, kocyki, artyku\u0142y dla dzieci i niemowl\u0105t\",\"isPartOf\":{\"@id\":\"https:\/\/misiulanki.pl\/#website\"},\"datePublished\":\"2019-09-24T11:21:30+00:00\",\"dateModified\":\"2019-11-30T12:39:28+00:00\",\"breadcrumb\":{\"@id\":\"https:\/\/misiulanki.pl\/index.php\/koszyk\/#breadcrumb\"},\"inLanguage\":\"pl-PL\",\"potentialAction\":[{\"@type\":\"ReadAction\",\"target\":[\"https:\/\/misiulanki.pl\/index.php\/koszyk\/\"]}]},{\"@type\":\"BreadcrumbList\",\"@id\":\"https:\/\/misiulanki.pl\/index.php\/koszyk\/#breadcrumb\",\"itemListElement\":[{\"@type\":\"ListItem\",\"position\":1,\"name\":\"Strona g\u0142\u00f3wna\",\"item\":\"https:\/\/misiulanki.pl\/\"},{\"@type\":\"ListItem\",\"position\":2,\"name\":\"Koszyk\"}]},{\"@type\":\"WebSite\",\"@id\":\"https:\/\/misiulanki.pl\/#website\",\"url\":\"https:\/\/misiulanki.pl\/\",\"name\":\"Misiulanki.pl, poduszki, po\u015bciele, kocyki, artyku\u0142y dla dzieci i niemowl\u0105t\",\"description\":\"Wyj\u0105tkowe poduszki dla dzieci, kocyki, po\u015bciele dla dzieci, unikalne wzory ze zwierz\u0119tami, r\u0119cznie robione produkty\",\"publisher\":{\"@id\":\"https:\/\/misiulanki.pl\/#organization\"},\"potentialAction\":[{\"@type\":\"SearchAction\",\"target\":{\"@type\":\"EntryPoint\",\"urlTemplate\":\"https:\/\/misiulanki.pl\/?s={search_term_string}\"},\"query-input\":{\"@type\":\"PropertyValueSpecification\",\"valueRequired\":true,\"valueName\":\"search_term_string\"}}],\"inLanguage\":\"pl-PL\"},{\"@type\":\"Organization\",\"@id\":\"https:\/\/misiulanki.pl\/#organization\",\"name\":\"Misiulanki.pl, poduszki, po\u015bciele, kocyki, artyku\u0142y dla dzieci i niemowl\u0105t\",\"url\":\"https:\/\/misiulanki.pl\/\",\"logo\":{\"@type\":\"ImageObject\",\"inLanguage\":\"pl-PL\",\"@id\":\"https:\/\/misiulanki.pl\/#\/schema\/logo\/image\/\",\"url\":\"https:\/\/misiulanki.pl\/wp-content\/uploads\/2019\/11\/cropped-logomagodziankimale-1-1-2.png\",\"contentUrl\":\"https:\/\/misiulanki.pl\/wp-content\/uploads\/2019\/11\/cropped-logomagodziankimale-1-1-2.png\",\"width\":170,\"height\":51,\"caption\":\"Misiulanki.pl, poduszki, po\u015bciele, kocyki, artyku\u0142y dla dzieci i niemowl\u0105t\"},\"image\":{\"@id\":\"https:\/\/misiulanki.pl\/#\/schema\/logo\/image\/\"},\"sameAs\":[\"https:\/\/www.facebook.com\/magodzianki\/\",\"https:\/\/www.instagram.com\/misiulanki\/\"]}]}<\/script>\n<!-- \/ Yoast SEO plugin. -->","yoast_head_json":{"title":"Koszyk - Misiulanki.pl, poduszki, po\u015bciele, kocyki, artyku\u0142y dla dzieci i niemowl\u0105t","robots":{"index":"index","follow":"follow","max-snippet":"max-snippet:-1","max-image-preview":"max-image-preview:large","max-video-preview":"max-video-preview:-1"},"canonical":"https:\/\/misiulanki.pl\/index.php\/koszyk\/","og_locale":"pl_PL","og_type":"article","og_title":"Koszyk - Misiulanki.pl, poduszki, po\u015bciele, kocyki, artyku\u0142y dla dzieci i niemowl\u0105t","og_url":"https:\/\/misiulanki.pl\/index.php\/koszyk\/","og_site_name":"Misiulanki.pl, poduszki, po\u015bciele, kocyki, artyku\u0142y dla dzieci i niemowl\u0105t","article_publisher":"https:\/\/www.facebook.com\/magodzianki\/","article_modified_time":"2019-11-30T12:39:28+00:00","twitter_card":"summary_large_image","schema":{"@context":"https:\/\/schema.org","@graph":[{"@type":"WebPage","@id":"https:\/\/misiulanki.pl\/index.php\/koszyk\/","url":"https:\/\/misiulanki.pl\/index.php\/koszyk\/","name":"Koszyk - Misiulanki.pl, poduszki, po\u015bciele, kocyki, artyku\u0142y dla dzieci i niemowl\u0105t","isPartOf":{"@id":"https:\/\/misiulanki.pl\/#website"},"datePublished":"2019-09-24T11:21:30+00:00","dateModified":"2019-11-30T12:39:28+00:00","breadcrumb":{"@id":"https:\/\/misiulanki.pl\/index.php\/koszyk\/#breadcrumb"},"inLanguage":"pl-PL","potentialAction":[{"@type":"ReadAction","target":["https:\/\/misiulanki.pl\/index.php\/koszyk\/"]}]},{"@type":"BreadcrumbList","@id":"https:\/\/misiulanki.pl\/index.php\/koszyk\/#breadcrumb","itemListElement":[{"@type":"ListItem","position":1,"name":"Strona g\u0142\u00f3wna","item":"https:\/\/misiulanki.pl\/"},{"@type":"ListItem","position":2,"name":"Koszyk"}]},{"@type":"WebSite","@id":"https:\/\/misiulanki.pl\/#website","url":"https:\/\/misiulanki.pl\/","name":"Misiulanki.pl, poduszki, po\u015bciele, kocyki, artyku\u0142y dla dzieci i niemowl\u0105t","description":"Wyj\u0105tkowe poduszki dla dzieci, kocyki, po\u015bciele dla dzieci, unikalne wzory ze zwierz\u0119tami, r\u0119cznie robione produkty","publisher":{"@id":"https:\/\/misiulanki.pl\/#organization"},"potentialAction":[{"@type":"SearchAction","target":{"@type":"EntryPoint","urlTemplate":"https:\/\/misiulanki.pl\/?s={search_term_string}"},"query-input":{"@type":"PropertyValueSpecification","valueRequired":true,"valueName":"search_term_string"}}],"inLanguage":"pl-PL"},{"@type":"Organization","@id":"https:\/\/misiulanki.pl\/#organization","name":"Misiulanki.pl, poduszki, po\u015bciele, kocyki, artyku\u0142y dla dzieci i niemowl\u0105t","url":"https:\/\/misiulanki.pl\/","logo":{"@type":"ImageObject","inLanguage":"pl-PL","@id":"https:\/\/misiulanki.pl\/#\/schema\/logo\/image\/","url":"https:\/\/misiulanki.pl\/wp-content\/uploads\/2019\/11\/cropped-logomagodziankimale-1-1-2.png","contentUrl":"https:\/\/misiulanki.pl\/wp-content\/uploads\/2019\/11\/cropped-logomagodziankimale-1-1-2.png","width":170,"height":51,"caption":"Misiulanki.pl, poduszki, po\u015bciele, kocyki, artyku\u0142y dla dzieci i niemowl\u0105t"},"image":{"@id":"https:\/\/misiulanki.pl\/#\/schema\/logo\/image\/"},"sameAs":["https:\/\/www.facebook.com\/magodzianki\/","https:\/\/www.instagram.com\/misiulanki\/"]}]}},"_links":{"self":[{"href":"https:\/\/misiulanki.pl\/index.php\/wp-json\/wp\/v2\/pages\/7","targetHints":{"allow":["GET"]}}],"collection":[{"href":"https:\/\/misiulanki.pl\/index.php\/wp-json\/wp\/v2\/pages"}],"about":[{"href":"https:\/\/misiulanki.pl\/index.php\/wp-json\/wp\/v2\/types\/page"}],"author":[{"embeddable":true,"href":"https:\/\/misiulanki.pl\/index.php\/wp-json\/wp\/v2\/users\/1"}],"replies":[{"embeddable":true,"href":"https:\/\/misiulanki.pl\/index.php\/wp-json\/wp\/v2\/comments?post=7"}],"version-history":[{"count":1,"href":"https:\/\/misiulanki.pl\/index.php\/wp-json\/wp\/v2\/pages\/7\/revisions"}],"predecessor-version":[{"id":815,"href":"https:\/\/misiulanki.pl\/index.php\/wp-json\/wp\/v2\/pages\/7\/revisions\/815"}],"wp:attachment":[{"href":"https:\/\/misiulanki.pl\/index.php\/wp-json\/wp\/v2\/media?parent=7"}],"curies":[{"name":"wp","href":"https:\/\/api.w.org\/{rel}","templated":true}]}}