{"id":1103,"date":"2020-04-15T18:43:11","date_gmt":"2020-04-15T16:43:11","guid":{"rendered":"https:\/\/misiulanki.pl\/?post_type=product&#038;p=1103"},"modified":"2025-11-29T09:27:05","modified_gmt":"2025-11-29T08:27:05","slug":"zestaw-kosmos-koldra-120x90cm-duza-poduszka-ziemia-ksiezy","status":"publish","type":"product","link":"https:\/\/misiulanki.pl\/index.php\/produkt\/zestaw-kosmos-koldra-120x90cm-duza-poduszka-ziemia-ksiezy\/","title":{"rendered":"Zestaw Kosmos, poszewka na po\u015bciel 120x90cm + du\u017ca poduszka Ziemia\/Ksi\u0119\u017cyc 46cm"},"content":{"rendered":"<div class=\"_155f60df\">\n<div class=\"_427cbe5b\">\n<p>Wyj\u0105tkowy zestaw motywu Kosmos. Sk\u0142ada si\u0119 z poszewki 120x90cm oraz du\u017cej puchatej poduszki z motywem Ziemi i Ksi\u0119\u017cyca. Ca\u0142o\u015b\u0107 jest dost\u0119pna tylko u nas, szyta w Polsce, z dba\u0142o\u015bci\u0105 o ka\u017cdy szczeg\u00f3\u0142. Mo\u017cliwo\u015b\u0107 zakupu w mega-zestawie z <strong><a href=\"https:\/\/misiulanki.pl\/index.php\/produkt\/odlotowa-rakieta-30x40cm\/\">Rakiet\u0105<\/a><\/strong>.<\/p>\n<\/div>\n<div class=\"_427cbe5b\">\n<div class=\"_3cc68582\">\n<div class=\"_155f60df\">\n<div class=\"_427cbe5b\">\n<p><b>Zestaw po\u015bcielowy &#8222;Kosmos&#8221; 120&#215;90 to<\/b><\/p>\n<ul>\n<li><strong>kosmiczna poszewka na ko\u0142dr\u0119 <\/strong>o wymiarach <strong>120x90cm<\/strong>\n<ul>\n<li>pierwsza strona to autorski wz\u00f3r Kosmos, niedost\u0119pny nigdzie indziej<\/li>\n<li>druga strona to jednolita niebieska bawe\u0142na PREMIUM<\/li>\n<li>kryty zamek na dole poszewki<\/li>\n<\/ul>\n<\/li>\n<li><strong>dwustronna du\u017ca poduszka<\/strong>, o \u015brednicy<strong> 46cm<\/strong>\n<ul>\n<li>naturalna, mi\u0119kka tkanina najwy\u017cszej jako\u015bci (bawe\u0142na satynowa)<\/li>\n<li>autorski wz\u00f3r, po jednej stronie Ziemia, na drugiej Ksi\u0119\u017cyc<\/li>\n<li>puchate, antyalergiczne wype\u0142nienie (kulka silikonowa)<\/li>\n<li>zamek pozwalaj\u0105cy na dostosowanie ilo\u015bci wype\u0142nienia, u\u0142atwia pranie samej pow\u0142oczki<\/li>\n<\/ul>\n<\/li>\n<li>wzory drukowane na <b>100% bawe\u0142nie<\/b> z certyfikatem <b>OEKO-TEX<\/b><\/li>\n<\/ul>\n<p><em>Rakieta widoczna na zdj\u0119ciach w galerii jest dost\u0119pna osobno<\/em><\/p>\n<p><b>Produkt polski<\/b><\/p>\n<p>Pranie: tkaniny delikatne, 30stopni<\/p>\n<\/div>\n<p>Znajd\u017a nas na naszym Instagramie <a href=\"https:\/\/www.instagram.com\/misiulanki\/\">@misiulanki<\/a> oraz na <a href=\"https:\/\/www.instagram.com\/misiulanki\/\">facebooku<\/a><\/p>\n<\/div>\n<p>Produkt hand-made, <a href=\"https:\/\/misiulanki.pl\/index.php\/dostawa\/\"><strong>informacje na temat czasu realizacji i dostawy<\/strong><\/a><\/p>\n<\/div>\n<\/div>\n<\/div>\n","protected":false},"excerpt":{"rendered":"<p>Wyj\u0105tkowy zestaw motywu Kosmos. Sk\u0142ada si\u0119 z poszewki 120x90cm oraz du\u017cej puchatej poduszki z motywem Ziemi i Ksi\u0119\u017cyca. Ca\u0142o\u015b\u0107 jest dost\u0119pna tylko u nas, szyta w Polsce, z dba\u0142o\u015bci\u0105 o ka\u017cdy szczeg\u00f3\u0142. Mo\u017cliwo\u015b\u0107 zakupu w mega-zestawie z Rakiet\u0105. Zestaw po\u015bcielowy &#8222;Kosmos&#8221; 120&#215;90 to kosmiczna poszewka na ko\u0142dr\u0119 o wymiarach 120x90cm pierwsza strona to autorski wz\u00f3r [&hellip;]<\/p>\n","protected":false},"featured_media":1105,"template":"","meta":{"ocean_post_layout":"","ocean_both_sidebars_style":"","ocean_both_sidebars_content_width":0,"ocean_both_sidebars_sidebars_width":0,"ocean_sidebar":"0","ocean_second_sidebar":"0","ocean_disable_margins":"enable","ocean_add_body_class":"","ocean_shortcode_before_top_bar":"","ocean_shortcode_after_top_bar":"","ocean_shortcode_before_header":"","ocean_shortcode_after_header":"","ocean_has_shortcode":"","ocean_shortcode_after_title":"","ocean_shortcode_before_footer_widgets":"","ocean_shortcode_after_footer_widgets":"","ocean_shortcode_before_footer_bottom":"","ocean_shortcode_after_footer_bottom":"","ocean_display_top_bar":"default","ocean_display_header":"default","ocean_header_style":"","ocean_center_header_left_menu":"0","ocean_custom_header_template":"0","ocean_custom_logo":0,"ocean_custom_retina_logo":0,"ocean_custom_logo_max_width":0,"ocean_custom_logo_tablet_max_width":0,"ocean_custom_logo_mobile_max_width":0,"ocean_custom_logo_max_height":0,"ocean_custom_logo_tablet_max_height":0,"ocean_custom_logo_mobile_max_height":0,"ocean_header_custom_menu":"0","ocean_menu_typo_font_family":"0","ocean_menu_typo_font_subset":"","ocean_menu_typo_font_size":0,"ocean_menu_typo_font_size_tablet":0,"ocean_menu_typo_font_size_mobile":0,"ocean_menu_typo_font_size_unit":"px","ocean_menu_typo_font_weight":"","ocean_menu_typo_font_weight_tablet":"","ocean_menu_typo_font_weight_mobile":"","ocean_menu_typo_transform":"","ocean_menu_typo_transform_tablet":"","ocean_menu_typo_transform_mobile":"","ocean_menu_typo_line_height":0,"ocean_menu_typo_line_height_tablet":0,"ocean_menu_typo_line_height_mobile":0,"ocean_menu_typo_line_height_unit":"","ocean_menu_typo_spacing":0,"ocean_menu_typo_spacing_tablet":0,"ocean_menu_typo_spacing_mobile":0,"ocean_menu_typo_spacing_unit":"","ocean_menu_link_color":"","ocean_menu_link_color_hover":"","ocean_menu_link_color_active":"","ocean_menu_link_background":"","ocean_menu_link_hover_background":"","ocean_menu_link_active_background":"","ocean_menu_social_links_bg":"","ocean_menu_social_hover_links_bg":"","ocean_menu_social_links_color":"","ocean_menu_social_hover_links_color":"","ocean_disable_title":"default","ocean_disable_heading":"default","ocean_post_title":"","ocean_post_subheading":"","ocean_post_title_style":"","ocean_post_title_background_color":"","ocean_post_title_background":0,"ocean_post_title_bg_image_position":"","ocean_post_title_bg_image_attachment":"","ocean_post_title_bg_image_repeat":"","ocean_post_title_bg_image_size":"","ocean_post_title_height":0,"ocean_post_title_bg_overlay":0.5,"ocean_post_title_bg_overlay_color":"","ocean_disable_breadcrumbs":"default","ocean_breadcrumbs_color":"","ocean_breadcrumbs_separator_color":"","ocean_breadcrumbs_links_color":"","ocean_breadcrumbs_links_hover_color":"","ocean_display_footer_widgets":"default","ocean_display_footer_bottom":"default","ocean_custom_footer_template":"0"},"product_brand":[],"product_cat":[98,104,15],"product_tag":[109,117,118,106,108,80,95,116,110],"class_list":{"0":"post-1103","1":"product","2":"type-product","3":"status-publish","4":"has-post-thumbnail","6":"product_cat-komplety","7":"product_cat-kosmos","8":"product_cat-posciele","9":"product_tag-chlopak","10":"product_tag-kolderka","11":"product_tag-komplet","12":"product_tag-kosmos","13":"product_tag-noc","14":"product_tag-poduszka","15":"product_tag-posciel","16":"product_tag-poszewka","17":"product_tag-ziemia","19":"entry","20":"has-media","22":"first","23":"outofstock","24":"shipping-taxable","25":"purchasable","26":"product-type-simple","27":"has-product-nav","28":"col","29":"span_1_of_3","30":"owp-content-center","31":"owp-thumbs-layout-horizontal","32":"owp-btn-normal","33":"owp-tabs-layout-horizontal"},"yoast_head":"<!-- This site is optimized with the Yoast SEO plugin v25.7 - https:\/\/yoast.com\/wordpress\/plugins\/seo\/ -->\n<title>Zestaw Kosmos, poszewka na po\u015bciel 120x90cm + du\u017ca poduszka Ziemia\/Ksi\u0119\u017cyc 46cm - Misiulanki.pl, poduszki, po\u015bciele, kocyki, artyku\u0142y dla dzieci i niemowl\u0105t<\/title>\n<meta name=\"robots\" content=\"index, follow, max-snippet:-1, max-image-preview:large, max-video-preview:-1\" \/>\n<link rel=\"canonical\" href=\"https:\/\/misiulanki.pl\/index.php\/produkt\/zestaw-kosmos-koldra-120x90cm-duza-poduszka-ziemia-ksiezy\/\" \/>\n<meta property=\"og:locale\" content=\"pl_PL\" \/>\n<meta property=\"og:type\" content=\"article\" \/>\n<meta property=\"og:title\" content=\"Zestaw Kosmos, poszewka na po\u015bciel 120x90cm + du\u017ca poduszka Ziemia\/Ksi\u0119\u017cyc 46cm - Misiulanki.pl, poduszki, po\u015bciele, kocyki, artyku\u0142y dla dzieci i niemowl\u0105t\" \/>\n<meta property=\"og:description\" content=\"Wyj\u0105tkowy zestaw motywu Kosmos. Sk\u0142ada si\u0119 z poszewki 120x90cm oraz du\u017cej puchatej poduszki z motywem Ziemi i Ksi\u0119\u017cyca. Ca\u0142o\u015b\u0107 jest dost\u0119pna tylko u nas, szyta w Polsce, z dba\u0142o\u015bci\u0105 o ka\u017cdy szczeg\u00f3\u0142. Mo\u017cliwo\u015b\u0107 zakupu w mega-zestawie z Rakiet\u0105. Zestaw po\u015bcielowy &#8222;Kosmos&#8221; 120&#215;90 to kosmiczna poszewka na ko\u0142dr\u0119 o wymiarach 120x90cm pierwsza strona to autorski wz\u00f3r [&hellip;]\" \/>\n<meta property=\"og:url\" content=\"https:\/\/misiulanki.pl\/index.php\/produkt\/zestaw-kosmos-koldra-120x90cm-duza-poduszka-ziemia-ksiezy\/\" \/>\n<meta property=\"og:site_name\" content=\"Misiulanki.pl, poduszki, po\u015bciele, kocyki, artyku\u0142y dla dzieci i niemowl\u0105t\" \/>\n<meta property=\"article:publisher\" content=\"https:\/\/www.facebook.com\/magodzianki\/\" \/>\n<meta property=\"article:modified_time\" content=\"2025-11-29T08:27:05+00:00\" \/>\n<meta property=\"og:image\" content=\"https:\/\/misiulanki.pl\/wp-content\/uploads\/2020\/04\/IMG_20200413_212356.jpg\" \/>\n\t<meta property=\"og:image:width\" content=\"750\" \/>\n\t<meta property=\"og:image:height\" content=\"1000\" \/>\n\t<meta property=\"og:image:type\" content=\"image\/jpeg\" \/>\n<meta name=\"twitter:card\" content=\"summary_large_image\" \/>\n<meta name=\"twitter:label1\" content=\"Szacowany czas czytania\" \/>\n\t<meta name=\"twitter:data1\" content=\"1 minuta\" \/>\n<script type=\"application\/ld+json\" class=\"yoast-schema-graph\">{\"@context\":\"https:\/\/schema.org\",\"@graph\":[{\"@type\":\"WebPage\",\"@id\":\"https:\/\/misiulanki.pl\/index.php\/produkt\/zestaw-kosmos-koldra-120x90cm-duza-poduszka-ziemia-ksiezy\/\",\"url\":\"https:\/\/misiulanki.pl\/index.php\/produkt\/zestaw-kosmos-koldra-120x90cm-duza-poduszka-ziemia-ksiezy\/\",\"name\":\"Zestaw Kosmos, poszewka na po\u015bciel 120x90cm + du\u017ca poduszka Ziemia\/Ksi\u0119\u017cyc 46cm - Misiulanki.pl, poduszki, po\u015bciele, kocyki, artyku\u0142y dla dzieci i niemowl\u0105t\",\"isPartOf\":{\"@id\":\"https:\/\/misiulanki.pl\/#website\"},\"primaryImageOfPage\":{\"@id\":\"https:\/\/misiulanki.pl\/index.php\/produkt\/zestaw-kosmos-koldra-120x90cm-duza-poduszka-ziemia-ksiezy\/#primaryimage\"},\"image\":{\"@id\":\"https:\/\/misiulanki.pl\/index.php\/produkt\/zestaw-kosmos-koldra-120x90cm-duza-poduszka-ziemia-ksiezy\/#primaryimage\"},\"thumbnailUrl\":\"https:\/\/misiulanki.pl\/wp-content\/uploads\/2020\/04\/IMG_20200413_212356.jpg\",\"datePublished\":\"2020-04-15T16:43:11+00:00\",\"dateModified\":\"2025-11-29T08:27:05+00:00\",\"breadcrumb\":{\"@id\":\"https:\/\/misiulanki.pl\/index.php\/produkt\/zestaw-kosmos-koldra-120x90cm-duza-poduszka-ziemia-ksiezy\/#breadcrumb\"},\"inLanguage\":\"pl-PL\",\"potentialAction\":[{\"@type\":\"ReadAction\",\"target\":[\"https:\/\/misiulanki.pl\/index.php\/produkt\/zestaw-kosmos-koldra-120x90cm-duza-poduszka-ziemia-ksiezy\/\"]}]},{\"@type\":\"ImageObject\",\"inLanguage\":\"pl-PL\",\"@id\":\"https:\/\/misiulanki.pl\/index.php\/produkt\/zestaw-kosmos-koldra-120x90cm-duza-poduszka-ziemia-ksiezy\/#primaryimage\",\"url\":\"https:\/\/misiulanki.pl\/wp-content\/uploads\/2020\/04\/IMG_20200413_212356.jpg\",\"contentUrl\":\"https:\/\/misiulanki.pl\/wp-content\/uploads\/2020\/04\/IMG_20200413_212356.jpg\",\"width\":750,\"height\":1000,\"caption\":\"Kosmiczna ko\u0142derka\"},{\"@type\":\"BreadcrumbList\",\"@id\":\"https:\/\/misiulanki.pl\/index.php\/produkt\/zestaw-kosmos-koldra-120x90cm-duza-poduszka-ziemia-ksiezy\/#breadcrumb\",\"itemListElement\":[{\"@type\":\"ListItem\",\"position\":1,\"name\":\"Strona g\u0142\u00f3wna\",\"item\":\"https:\/\/misiulanki.pl\/\"},{\"@type\":\"ListItem\",\"position\":2,\"name\":\"Sklep\",\"item\":\"https:\/\/misiulanki.pl\/\"},{\"@type\":\"ListItem\",\"position\":3,\"name\":\"Zestaw Kosmos, poszewka na po\u015bciel 120x90cm + du\u017ca poduszka Ziemia\/Ksi\u0119\u017cyc 46cm\"}]},{\"@type\":\"WebSite\",\"@id\":\"https:\/\/misiulanki.pl\/#website\",\"url\":\"https:\/\/misiulanki.pl\/\",\"name\":\"Misiulanki.pl, poduszki, po\u015bciele, kocyki, artyku\u0142y dla dzieci i niemowl\u0105t\",\"description\":\"Wyj\u0105tkowe poduszki dla dzieci, kocyki, po\u015bciele dla dzieci, unikalne wzory ze zwierz\u0119tami, r\u0119cznie robione produkty\",\"publisher\":{\"@id\":\"https:\/\/misiulanki.pl\/#organization\"},\"potentialAction\":[{\"@type\":\"SearchAction\",\"target\":{\"@type\":\"EntryPoint\",\"urlTemplate\":\"https:\/\/misiulanki.pl\/?s={search_term_string}\"},\"query-input\":{\"@type\":\"PropertyValueSpecification\",\"valueRequired\":true,\"valueName\":\"search_term_string\"}}],\"inLanguage\":\"pl-PL\"},{\"@type\":\"Organization\",\"@id\":\"https:\/\/misiulanki.pl\/#organization\",\"name\":\"Misiulanki.pl, poduszki, po\u015bciele, kocyki, artyku\u0142y dla dzieci i niemowl\u0105t\",\"url\":\"https:\/\/misiulanki.pl\/\",\"logo\":{\"@type\":\"ImageObject\",\"inLanguage\":\"pl-PL\",\"@id\":\"https:\/\/misiulanki.pl\/#\/schema\/logo\/image\/\",\"url\":\"https:\/\/misiulanki.pl\/wp-content\/uploads\/2019\/11\/cropped-logomagodziankimale-1-1-2.png\",\"contentUrl\":\"https:\/\/misiulanki.pl\/wp-content\/uploads\/2019\/11\/cropped-logomagodziankimale-1-1-2.png\",\"width\":170,\"height\":51,\"caption\":\"Misiulanki.pl, poduszki, po\u015bciele, kocyki, artyku\u0142y dla dzieci i niemowl\u0105t\"},\"image\":{\"@id\":\"https:\/\/misiulanki.pl\/#\/schema\/logo\/image\/\"},\"sameAs\":[\"https:\/\/www.facebook.com\/magodzianki\/\",\"https:\/\/www.instagram.com\/misiulanki\/\"]}]}<\/script>\n<!-- \/ Yoast SEO plugin. -->","yoast_head_json":{"title":"Zestaw Kosmos, poszewka na po\u015bciel 120x90cm + du\u017ca poduszka Ziemia\/Ksi\u0119\u017cyc 46cm - Misiulanki.pl, poduszki, po\u015bciele, kocyki, artyku\u0142y dla dzieci i niemowl\u0105t","robots":{"index":"index","follow":"follow","max-snippet":"max-snippet:-1","max-image-preview":"max-image-preview:large","max-video-preview":"max-video-preview:-1"},"canonical":"https:\/\/misiulanki.pl\/index.php\/produkt\/zestaw-kosmos-koldra-120x90cm-duza-poduszka-ziemia-ksiezy\/","og_locale":"pl_PL","og_type":"article","og_title":"Zestaw Kosmos, poszewka na po\u015bciel 120x90cm + du\u017ca poduszka Ziemia\/Ksi\u0119\u017cyc 46cm - Misiulanki.pl, poduszki, po\u015bciele, kocyki, artyku\u0142y dla dzieci i niemowl\u0105t","og_description":"Wyj\u0105tkowy zestaw motywu Kosmos. Sk\u0142ada si\u0119 z poszewki 120x90cm oraz du\u017cej puchatej poduszki z motywem Ziemi i Ksi\u0119\u017cyca. Ca\u0142o\u015b\u0107 jest dost\u0119pna tylko u nas, szyta w Polsce, z dba\u0142o\u015bci\u0105 o ka\u017cdy szczeg\u00f3\u0142. Mo\u017cliwo\u015b\u0107 zakupu w mega-zestawie z Rakiet\u0105. Zestaw po\u015bcielowy &#8222;Kosmos&#8221; 120&#215;90 to kosmiczna poszewka na ko\u0142dr\u0119 o wymiarach 120x90cm pierwsza strona to autorski wz\u00f3r [&hellip;]","og_url":"https:\/\/misiulanki.pl\/index.php\/produkt\/zestaw-kosmos-koldra-120x90cm-duza-poduszka-ziemia-ksiezy\/","og_site_name":"Misiulanki.pl, poduszki, po\u015bciele, kocyki, artyku\u0142y dla dzieci i niemowl\u0105t","article_publisher":"https:\/\/www.facebook.com\/magodzianki\/","article_modified_time":"2025-11-29T08:27:05+00:00","og_image":[{"width":750,"height":1000,"url":"https:\/\/misiulanki.pl\/wp-content\/uploads\/2020\/04\/IMG_20200413_212356.jpg","type":"image\/jpeg"}],"twitter_card":"summary_large_image","twitter_misc":{"Szacowany czas czytania":"1 minuta"},"schema":{"@context":"https:\/\/schema.org","@graph":[{"@type":"WebPage","@id":"https:\/\/misiulanki.pl\/index.php\/produkt\/zestaw-kosmos-koldra-120x90cm-duza-poduszka-ziemia-ksiezy\/","url":"https:\/\/misiulanki.pl\/index.php\/produkt\/zestaw-kosmos-koldra-120x90cm-duza-poduszka-ziemia-ksiezy\/","name":"Zestaw Kosmos, poszewka na po\u015bciel 120x90cm + du\u017ca poduszka Ziemia\/Ksi\u0119\u017cyc 46cm - Misiulanki.pl, poduszki, po\u015bciele, kocyki, artyku\u0142y dla dzieci i niemowl\u0105t","isPartOf":{"@id":"https:\/\/misiulanki.pl\/#website"},"primaryImageOfPage":{"@id":"https:\/\/misiulanki.pl\/index.php\/produkt\/zestaw-kosmos-koldra-120x90cm-duza-poduszka-ziemia-ksiezy\/#primaryimage"},"image":{"@id":"https:\/\/misiulanki.pl\/index.php\/produkt\/zestaw-kosmos-koldra-120x90cm-duza-poduszka-ziemia-ksiezy\/#primaryimage"},"thumbnailUrl":"https:\/\/misiulanki.pl\/wp-content\/uploads\/2020\/04\/IMG_20200413_212356.jpg","datePublished":"2020-04-15T16:43:11+00:00","dateModified":"2025-11-29T08:27:05+00:00","breadcrumb":{"@id":"https:\/\/misiulanki.pl\/index.php\/produkt\/zestaw-kosmos-koldra-120x90cm-duza-poduszka-ziemia-ksiezy\/#breadcrumb"},"inLanguage":"pl-PL","potentialAction":[{"@type":"ReadAction","target":["https:\/\/misiulanki.pl\/index.php\/produkt\/zestaw-kosmos-koldra-120x90cm-duza-poduszka-ziemia-ksiezy\/"]}]},{"@type":"ImageObject","inLanguage":"pl-PL","@id":"https:\/\/misiulanki.pl\/index.php\/produkt\/zestaw-kosmos-koldra-120x90cm-duza-poduszka-ziemia-ksiezy\/#primaryimage","url":"https:\/\/misiulanki.pl\/wp-content\/uploads\/2020\/04\/IMG_20200413_212356.jpg","contentUrl":"https:\/\/misiulanki.pl\/wp-content\/uploads\/2020\/04\/IMG_20200413_212356.jpg","width":750,"height":1000,"caption":"Kosmiczna ko\u0142derka"},{"@type":"BreadcrumbList","@id":"https:\/\/misiulanki.pl\/index.php\/produkt\/zestaw-kosmos-koldra-120x90cm-duza-poduszka-ziemia-ksiezy\/#breadcrumb","itemListElement":[{"@type":"ListItem","position":1,"name":"Strona g\u0142\u00f3wna","item":"https:\/\/misiulanki.pl\/"},{"@type":"ListItem","position":2,"name":"Sklep","item":"https:\/\/misiulanki.pl\/"},{"@type":"ListItem","position":3,"name":"Zestaw Kosmos, poszewka na po\u015bciel 120x90cm + du\u017ca poduszka Ziemia\/Ksi\u0119\u017cyc 46cm"}]},{"@type":"WebSite","@id":"https:\/\/misiulanki.pl\/#website","url":"https:\/\/misiulanki.pl\/","name":"Misiulanki.pl, poduszki, po\u015bciele, kocyki, artyku\u0142y dla dzieci i niemowl\u0105t","description":"Wyj\u0105tkowe poduszki dla dzieci, kocyki, po\u015bciele dla dzieci, unikalne wzory ze zwierz\u0119tami, r\u0119cznie robione produkty","publisher":{"@id":"https:\/\/misiulanki.pl\/#organization"},"potentialAction":[{"@type":"SearchAction","target":{"@type":"EntryPoint","urlTemplate":"https:\/\/misiulanki.pl\/?s={search_term_string}"},"query-input":{"@type":"PropertyValueSpecification","valueRequired":true,"valueName":"search_term_string"}}],"inLanguage":"pl-PL"},{"@type":"Organization","@id":"https:\/\/misiulanki.pl\/#organization","name":"Misiulanki.pl, poduszki, po\u015bciele, kocyki, artyku\u0142y dla dzieci i niemowl\u0105t","url":"https:\/\/misiulanki.pl\/","logo":{"@type":"ImageObject","inLanguage":"pl-PL","@id":"https:\/\/misiulanki.pl\/#\/schema\/logo\/image\/","url":"https:\/\/misiulanki.pl\/wp-content\/uploads\/2019\/11\/cropped-logomagodziankimale-1-1-2.png","contentUrl":"https:\/\/misiulanki.pl\/wp-content\/uploads\/2019\/11\/cropped-logomagodziankimale-1-1-2.png","width":170,"height":51,"caption":"Misiulanki.pl, poduszki, po\u015bciele, kocyki, artyku\u0142y dla dzieci i niemowl\u0105t"},"image":{"@id":"https:\/\/misiulanki.pl\/#\/schema\/logo\/image\/"},"sameAs":["https:\/\/www.facebook.com\/magodzianki\/","https:\/\/www.instagram.com\/misiulanki\/"]}]}},"_links":{"self":[{"href":"https:\/\/misiulanki.pl\/index.php\/wp-json\/wp\/v2\/product\/1103","targetHints":{"allow":["GET"]}}],"collection":[{"href":"https:\/\/misiulanki.pl\/index.php\/wp-json\/wp\/v2\/product"}],"about":[{"href":"https:\/\/misiulanki.pl\/index.php\/wp-json\/wp\/v2\/types\/product"}],"wp:featuredmedia":[{"embeddable":true,"href":"https:\/\/misiulanki.pl\/index.php\/wp-json\/wp\/v2\/media\/1105"}],"wp:attachment":[{"href":"https:\/\/misiulanki.pl\/index.php\/wp-json\/wp\/v2\/media?parent=1103"}],"wp:term":[{"taxonomy":"product_brand","embeddable":true,"href":"https:\/\/misiulanki.pl\/index.php\/wp-json\/wp\/v2\/product_brand?post=1103"},{"taxonomy":"product_cat","embeddable":true,"href":"https:\/\/misiulanki.pl\/index.php\/wp-json\/wp\/v2\/product_cat?post=1103"},{"taxonomy":"product_tag","embeddable":true,"href":"https:\/\/misiulanki.pl\/index.php\/wp-json\/wp\/v2\/product_tag?post=1103"}],"curies":[{"name":"wp","href":"https:\/\/api.w.org\/{rel}","templated":true}]}}