{"id":1104,"date":"2020-04-15T18:48:38","date_gmt":"2020-04-15T16:48:38","guid":{"rendered":"https:\/\/misiulanki.pl\/?post_type=product&#038;p=1104"},"modified":"2026-01-20T21:09:04","modified_gmt":"2026-01-20T20:09:04","slug":"duza-poduszka-ziemia-ksiezyc-46cm","status":"publish","type":"product","link":"https:\/\/misiulanki.pl\/index.php\/produkt\/duza-poduszka-ziemia-ksiezyc-46cm\/","title":{"rendered":"Poduszka kosmiczna Ziemia\/Ksi\u0119\u017cyc, 46cm"},"content":{"rendered":"<div class=\"_155f60df\">\n<div class=\"_427cbe5b\">\n<p>Du\u017ca poduszka Ziemia\/Ksi\u0119\u017cyc z serii Kosmos! Wyj\u0105tkowa poduszka z unikalnym dwustronnym wzorem i mi\u0119ciutkim wype\u0142nieniem, kt\u00f3rego ilo\u015b\u0107 mo\u017cesz dopasowa\u0107 do w\u0142asnych preferencji.\u00a0 Idealna dla dzieci\u0119cych fan\u00f3w kosmosu.<\/p>\n<\/div>\n<div class=\"_427cbe5b\">\n<div class=\"_3cc68582\">\n<div class=\"_155f60df\">\n<div class=\"_427cbe5b\">\n<p><b>Du\u017ca poduszka Ziemia\/Ksi\u0119\u017cyc z serii &#8222;Kosmos&#8221; 46cm to<\/b><\/p>\n<ul>\n<li><strong>poduszka,<\/strong> o \u015brednicy <strong>46cm<br \/>\n<\/strong><\/p>\n<ul>\n<li>\u015brednica 46cm<\/li>\n<li>grubo\u015b\u0107 oko\u0142o 15cm<\/li>\n<li>dwustronny autorski wz\u00f3r rakiety z serii Kosmos, niedost\u0119pny nigdzie indziej, Ziemia\/Ksi\u0119\u017cyc\n<ul>\n<li>wz\u00f3r drukowany na <b>100% bawe\u0142nie<\/b> z certyfikatem <b>OEKO-TEX<\/b><\/li>\n<\/ul>\n<\/li>\n<li>antyalergiczne wype\u0142nienie kulk\u0105 sylikonow\u0105<\/li>\n<li>kryty zamek b\u0142yskawiczny\n<ul>\n<li>dzi\u0119ki czemu mo\u017cna dostosowa\u0107 ilo\u015b\u0107 wype\u0142nienia<\/li>\n<li>mo\u017cliwo\u015b\u0107 prania poduszki bez wype\u0142nienia<\/li>\n<\/ul>\n<\/li>\n<\/ul>\n<\/li>\n<\/ul>\n<p><b>Produkt polski<\/b><\/p>\n<p>Pranie: tkaniny delikatne, 30stopni<\/p>\n<\/div>\n<p>Znajd\u017a nas na naszym Instagramie <a href=\"https:\/\/www.instagram.com\/misiulanki\/\">@misiulanki<\/a> oraz na <a href=\"https:\/\/www.instagram.com\/misiulanki\/\">facebooku<\/a><\/p>\n<\/div>\n<p>Produkt hand-made, <a href=\"https:\/\/misiulanki.pl\/index.php\/dostawa\/\"><strong>informacje na temat czasu realizacji i dostawy<\/strong><\/a><\/p>\n<\/div>\n<\/div>\n<\/div>\n","protected":false},"excerpt":{"rendered":"<p>Du\u017ca poduszka Ziemia\/Ksi\u0119\u017cyc z serii Kosmos! Wyj\u0105tkowa poduszka z unikalnym dwustronnym wzorem i mi\u0119ciutkim wype\u0142nieniem, kt\u00f3rego ilo\u015b\u0107 mo\u017cesz dopasowa\u0107 do w\u0142asnych preferencji.\u00a0 Idealna dla dzieci\u0119cych fan\u00f3w kosmosu. Du\u017ca poduszka Ziemia\/Ksi\u0119\u017cyc z serii &#8222;Kosmos&#8221; 46cm to poduszka, o \u015brednicy 46cm \u015brednica 46cm grubo\u015b\u0107 oko\u0142o 15cm dwustronny autorski wz\u00f3r rakiety z serii Kosmos, niedost\u0119pny nigdzie indziej, Ziemia\/Ksi\u0119\u017cyc [&hellip;]<\/p>\n","protected":false},"featured_media":1116,"template":"","meta":{"ocean_post_layout":"","ocean_both_sidebars_style":"","ocean_both_sidebars_content_width":0,"ocean_both_sidebars_sidebars_width":0,"ocean_sidebar":"0","ocean_second_sidebar":"0","ocean_disable_margins":"enable","ocean_add_body_class":"","ocean_shortcode_before_top_bar":"","ocean_shortcode_after_top_bar":"","ocean_shortcode_before_header":"","ocean_shortcode_after_header":"","ocean_has_shortcode":"","ocean_shortcode_after_title":"","ocean_shortcode_before_footer_widgets":"","ocean_shortcode_after_footer_widgets":"","ocean_shortcode_before_footer_bottom":"","ocean_shortcode_after_footer_bottom":"","ocean_display_top_bar":"default","ocean_display_header":"default","ocean_header_style":"","ocean_center_header_left_menu":"0","ocean_custom_header_template":"0","ocean_custom_logo":0,"ocean_custom_retina_logo":0,"ocean_custom_logo_max_width":0,"ocean_custom_logo_tablet_max_width":0,"ocean_custom_logo_mobile_max_width":0,"ocean_custom_logo_max_height":0,"ocean_custom_logo_tablet_max_height":0,"ocean_custom_logo_mobile_max_height":0,"ocean_header_custom_menu":"0","ocean_menu_typo_font_family":"0","ocean_menu_typo_font_subset":"","ocean_menu_typo_font_size":0,"ocean_menu_typo_font_size_tablet":0,"ocean_menu_typo_font_size_mobile":0,"ocean_menu_typo_font_size_unit":"px","ocean_menu_typo_font_weight":"","ocean_menu_typo_font_weight_tablet":"","ocean_menu_typo_font_weight_mobile":"","ocean_menu_typo_transform":"","ocean_menu_typo_transform_tablet":"","ocean_menu_typo_transform_mobile":"","ocean_menu_typo_line_height":0,"ocean_menu_typo_line_height_tablet":0,"ocean_menu_typo_line_height_mobile":0,"ocean_menu_typo_line_height_unit":"","ocean_menu_typo_spacing":0,"ocean_menu_typo_spacing_tablet":0,"ocean_menu_typo_spacing_mobile":0,"ocean_menu_typo_spacing_unit":"","ocean_menu_link_color":"","ocean_menu_link_color_hover":"","ocean_menu_link_color_active":"","ocean_menu_link_background":"","ocean_menu_link_hover_background":"","ocean_menu_link_active_background":"","ocean_menu_social_links_bg":"","ocean_menu_social_hover_links_bg":"","ocean_menu_social_links_color":"","ocean_menu_social_hover_links_color":"","ocean_disable_title":"default","ocean_disable_heading":"default","ocean_post_title":"","ocean_post_subheading":"","ocean_post_title_style":"","ocean_post_title_background_color":"","ocean_post_title_background":0,"ocean_post_title_bg_image_position":"","ocean_post_title_bg_image_attachment":"","ocean_post_title_bg_image_repeat":"","ocean_post_title_bg_image_size":"","ocean_post_title_height":0,"ocean_post_title_bg_overlay":0.5,"ocean_post_title_bg_overlay_color":"","ocean_disable_breadcrumbs":"default","ocean_breadcrumbs_color":"","ocean_breadcrumbs_separator_color":"","ocean_breadcrumbs_links_color":"","ocean_breadcrumbs_links_hover_color":"","ocean_display_footer_widgets":"default","ocean_display_footer_bottom":"default","ocean_custom_footer_template":"0"},"product_brand":[],"product_cat":[104,78],"product_tag":[115,106,107,114,112,80,110],"class_list":{"0":"post-1104","1":"product","2":"type-product","3":"status-publish","4":"has-post-thumbnail","6":"product_cat-kosmos","7":"product_cat-poduszki","8":"product_tag-giga-poduszka","9":"product_tag-kosmos","10":"product_tag-ksiezyc","11":"product_tag-megapoduszka","12":"product_tag-niebo","13":"product_tag-poduszka","14":"product_tag-ziemia","16":"entry","17":"has-media","19":"first","20":"instock","21":"featured","22":"shipping-taxable","23":"purchasable","24":"product-type-simple","25":"has-product-nav","26":"col","27":"span_1_of_3","28":"owp-content-center","29":"owp-thumbs-layout-horizontal","30":"owp-btn-normal","31":"owp-tabs-layout-horizontal"},"yoast_head":"<!-- This site is optimized with the Yoast SEO plugin v25.7 - https:\/\/yoast.com\/wordpress\/plugins\/seo\/ -->\n<title>Poduszka kosmiczna Ziemia\/Ksi\u0119\u017cyc, 46cm - Misiulanki.pl, poduszki, po\u015bciele, kocyki, artyku\u0142y dla dzieci i niemowl\u0105t<\/title>\n<meta name=\"robots\" content=\"index, follow, max-snippet:-1, max-image-preview:large, max-video-preview:-1\" \/>\n<link rel=\"canonical\" href=\"https:\/\/misiulanki.pl\/index.php\/produkt\/duza-poduszka-ziemia-ksiezyc-46cm\/\" \/>\n<meta property=\"og:locale\" content=\"pl_PL\" \/>\n<meta property=\"og:type\" content=\"article\" \/>\n<meta property=\"og:title\" content=\"Poduszka kosmiczna Ziemia\/Ksi\u0119\u017cyc, 46cm - Misiulanki.pl, poduszki, po\u015bciele, kocyki, artyku\u0142y dla dzieci i niemowl\u0105t\" \/>\n<meta property=\"og:description\" content=\"Du\u017ca poduszka Ziemia\/Ksi\u0119\u017cyc z serii Kosmos! Wyj\u0105tkowa poduszka z unikalnym dwustronnym wzorem i mi\u0119ciutkim wype\u0142nieniem, kt\u00f3rego ilo\u015b\u0107 mo\u017cesz dopasowa\u0107 do w\u0142asnych preferencji.\u00a0 Idealna dla dzieci\u0119cych fan\u00f3w kosmosu. Du\u017ca poduszka Ziemia\/Ksi\u0119\u017cyc z serii &#8222;Kosmos&#8221; 46cm to poduszka, o \u015brednicy 46cm \u015brednica 46cm grubo\u015b\u0107 oko\u0142o 15cm dwustronny autorski wz\u00f3r rakiety z serii Kosmos, niedost\u0119pny nigdzie indziej, Ziemia\/Ksi\u0119\u017cyc [&hellip;]\" \/>\n<meta property=\"og:url\" content=\"https:\/\/misiulanki.pl\/index.php\/produkt\/duza-poduszka-ziemia-ksiezyc-46cm\/\" \/>\n<meta property=\"og:site_name\" content=\"Misiulanki.pl, poduszki, po\u015bciele, kocyki, artyku\u0142y dla dzieci i niemowl\u0105t\" \/>\n<meta property=\"article:publisher\" content=\"https:\/\/www.facebook.com\/magodzianki\/\" \/>\n<meta property=\"article:modified_time\" content=\"2026-01-20T20:09:04+00:00\" \/>\n<meta property=\"og:image\" content=\"https:\/\/misiulanki.pl\/wp-content\/uploads\/2020\/04\/IMG_20200415_183753.jpg\" \/>\n\t<meta property=\"og:image:width\" content=\"745\" \/>\n\t<meta property=\"og:image:height\" content=\"1000\" \/>\n\t<meta property=\"og:image:type\" content=\"image\/jpeg\" \/>\n<meta name=\"twitter:card\" content=\"summary_large_image\" \/>\n<meta name=\"twitter:label1\" content=\"Szacowany czas czytania\" \/>\n\t<meta name=\"twitter:data1\" content=\"1 minuta\" \/>\n<script type=\"application\/ld+json\" class=\"yoast-schema-graph\">{\"@context\":\"https:\/\/schema.org\",\"@graph\":[{\"@type\":\"WebPage\",\"@id\":\"https:\/\/misiulanki.pl\/index.php\/produkt\/duza-poduszka-ziemia-ksiezyc-46cm\/\",\"url\":\"https:\/\/misiulanki.pl\/index.php\/produkt\/duza-poduszka-ziemia-ksiezyc-46cm\/\",\"name\":\"Poduszka kosmiczna Ziemia\/Ksi\u0119\u017cyc, 46cm - Misiulanki.pl, poduszki, po\u015bciele, kocyki, artyku\u0142y dla dzieci i niemowl\u0105t\",\"isPartOf\":{\"@id\":\"https:\/\/misiulanki.pl\/#website\"},\"primaryImageOfPage\":{\"@id\":\"https:\/\/misiulanki.pl\/index.php\/produkt\/duza-poduszka-ziemia-ksiezyc-46cm\/#primaryimage\"},\"image\":{\"@id\":\"https:\/\/misiulanki.pl\/index.php\/produkt\/duza-poduszka-ziemia-ksiezyc-46cm\/#primaryimage\"},\"thumbnailUrl\":\"https:\/\/misiulanki.pl\/wp-content\/uploads\/2020\/04\/IMG_20200415_183753.jpg\",\"datePublished\":\"2020-04-15T16:48:38+00:00\",\"dateModified\":\"2026-01-20T20:09:04+00:00\",\"breadcrumb\":{\"@id\":\"https:\/\/misiulanki.pl\/index.php\/produkt\/duza-poduszka-ziemia-ksiezyc-46cm\/#breadcrumb\"},\"inLanguage\":\"pl-PL\",\"potentialAction\":[{\"@type\":\"ReadAction\",\"target\":[\"https:\/\/misiulanki.pl\/index.php\/produkt\/duza-poduszka-ziemia-ksiezyc-46cm\/\"]}]},{\"@type\":\"ImageObject\",\"inLanguage\":\"pl-PL\",\"@id\":\"https:\/\/misiulanki.pl\/index.php\/produkt\/duza-poduszka-ziemia-ksiezyc-46cm\/#primaryimage\",\"url\":\"https:\/\/misiulanki.pl\/wp-content\/uploads\/2020\/04\/IMG_20200415_183753.jpg\",\"contentUrl\":\"https:\/\/misiulanki.pl\/wp-content\/uploads\/2020\/04\/IMG_20200415_183753.jpg\",\"width\":745,\"height\":1000,\"caption\":\"ch\u0142opiec \u015bpi na poduszce ksi\u0119\u017cyc\/ziemia, kosmos\"},{\"@type\":\"BreadcrumbList\",\"@id\":\"https:\/\/misiulanki.pl\/index.php\/produkt\/duza-poduszka-ziemia-ksiezyc-46cm\/#breadcrumb\",\"itemListElement\":[{\"@type\":\"ListItem\",\"position\":1,\"name\":\"Strona g\u0142\u00f3wna\",\"item\":\"https:\/\/misiulanki.pl\/\"},{\"@type\":\"ListItem\",\"position\":2,\"name\":\"Sklep\",\"item\":\"https:\/\/misiulanki.pl\/\"},{\"@type\":\"ListItem\",\"position\":3,\"name\":\"Poduszka kosmiczna Ziemia\/Ksi\u0119\u017cyc, 46cm\"}]},{\"@type\":\"WebSite\",\"@id\":\"https:\/\/misiulanki.pl\/#website\",\"url\":\"https:\/\/misiulanki.pl\/\",\"name\":\"Misiulanki.pl, poduszki, po\u015bciele, kocyki, artyku\u0142y dla dzieci i niemowl\u0105t\",\"description\":\"Wyj\u0105tkowe poduszki dla dzieci, kocyki, po\u015bciele dla dzieci, unikalne wzory ze zwierz\u0119tami, r\u0119cznie robione produkty\",\"publisher\":{\"@id\":\"https:\/\/misiulanki.pl\/#organization\"},\"potentialAction\":[{\"@type\":\"SearchAction\",\"target\":{\"@type\":\"EntryPoint\",\"urlTemplate\":\"https:\/\/misiulanki.pl\/?s={search_term_string}\"},\"query-input\":{\"@type\":\"PropertyValueSpecification\",\"valueRequired\":true,\"valueName\":\"search_term_string\"}}],\"inLanguage\":\"pl-PL\"},{\"@type\":\"Organization\",\"@id\":\"https:\/\/misiulanki.pl\/#organization\",\"name\":\"Misiulanki.pl, poduszki, po\u015bciele, kocyki, artyku\u0142y dla dzieci i niemowl\u0105t\",\"url\":\"https:\/\/misiulanki.pl\/\",\"logo\":{\"@type\":\"ImageObject\",\"inLanguage\":\"pl-PL\",\"@id\":\"https:\/\/misiulanki.pl\/#\/schema\/logo\/image\/\",\"url\":\"https:\/\/misiulanki.pl\/wp-content\/uploads\/2019\/11\/cropped-logomagodziankimale-1-1-2.png\",\"contentUrl\":\"https:\/\/misiulanki.pl\/wp-content\/uploads\/2019\/11\/cropped-logomagodziankimale-1-1-2.png\",\"width\":170,\"height\":51,\"caption\":\"Misiulanki.pl, poduszki, po\u015bciele, kocyki, artyku\u0142y dla dzieci i niemowl\u0105t\"},\"image\":{\"@id\":\"https:\/\/misiulanki.pl\/#\/schema\/logo\/image\/\"},\"sameAs\":[\"https:\/\/www.facebook.com\/magodzianki\/\",\"https:\/\/www.instagram.com\/misiulanki\/\"]}]}<\/script>\n<!-- \/ Yoast SEO plugin. -->","yoast_head_json":{"title":"Poduszka kosmiczna Ziemia\/Ksi\u0119\u017cyc, 46cm - Misiulanki.pl, poduszki, po\u015bciele, kocyki, artyku\u0142y dla dzieci i niemowl\u0105t","robots":{"index":"index","follow":"follow","max-snippet":"max-snippet:-1","max-image-preview":"max-image-preview:large","max-video-preview":"max-video-preview:-1"},"canonical":"https:\/\/misiulanki.pl\/index.php\/produkt\/duza-poduszka-ziemia-ksiezyc-46cm\/","og_locale":"pl_PL","og_type":"article","og_title":"Poduszka kosmiczna Ziemia\/Ksi\u0119\u017cyc, 46cm - Misiulanki.pl, poduszki, po\u015bciele, kocyki, artyku\u0142y dla dzieci i niemowl\u0105t","og_description":"Du\u017ca poduszka Ziemia\/Ksi\u0119\u017cyc z serii Kosmos! Wyj\u0105tkowa poduszka z unikalnym dwustronnym wzorem i mi\u0119ciutkim wype\u0142nieniem, kt\u00f3rego ilo\u015b\u0107 mo\u017cesz dopasowa\u0107 do w\u0142asnych preferencji.\u00a0 Idealna dla dzieci\u0119cych fan\u00f3w kosmosu. Du\u017ca poduszka Ziemia\/Ksi\u0119\u017cyc z serii &#8222;Kosmos&#8221; 46cm to poduszka, o \u015brednicy 46cm \u015brednica 46cm grubo\u015b\u0107 oko\u0142o 15cm dwustronny autorski wz\u00f3r rakiety z serii Kosmos, niedost\u0119pny nigdzie indziej, Ziemia\/Ksi\u0119\u017cyc [&hellip;]","og_url":"https:\/\/misiulanki.pl\/index.php\/produkt\/duza-poduszka-ziemia-ksiezyc-46cm\/","og_site_name":"Misiulanki.pl, poduszki, po\u015bciele, kocyki, artyku\u0142y dla dzieci i niemowl\u0105t","article_publisher":"https:\/\/www.facebook.com\/magodzianki\/","article_modified_time":"2026-01-20T20:09:04+00:00","og_image":[{"width":745,"height":1000,"url":"https:\/\/misiulanki.pl\/wp-content\/uploads\/2020\/04\/IMG_20200415_183753.jpg","type":"image\/jpeg"}],"twitter_card":"summary_large_image","twitter_misc":{"Szacowany czas czytania":"1 minuta"},"schema":{"@context":"https:\/\/schema.org","@graph":[{"@type":"WebPage","@id":"https:\/\/misiulanki.pl\/index.php\/produkt\/duza-poduszka-ziemia-ksiezyc-46cm\/","url":"https:\/\/misiulanki.pl\/index.php\/produkt\/duza-poduszka-ziemia-ksiezyc-46cm\/","name":"Poduszka kosmiczna Ziemia\/Ksi\u0119\u017cyc, 46cm - Misiulanki.pl, poduszki, po\u015bciele, kocyki, artyku\u0142y dla dzieci i niemowl\u0105t","isPartOf":{"@id":"https:\/\/misiulanki.pl\/#website"},"primaryImageOfPage":{"@id":"https:\/\/misiulanki.pl\/index.php\/produkt\/duza-poduszka-ziemia-ksiezyc-46cm\/#primaryimage"},"image":{"@id":"https:\/\/misiulanki.pl\/index.php\/produkt\/duza-poduszka-ziemia-ksiezyc-46cm\/#primaryimage"},"thumbnailUrl":"https:\/\/misiulanki.pl\/wp-content\/uploads\/2020\/04\/IMG_20200415_183753.jpg","datePublished":"2020-04-15T16:48:38+00:00","dateModified":"2026-01-20T20:09:04+00:00","breadcrumb":{"@id":"https:\/\/misiulanki.pl\/index.php\/produkt\/duza-poduszka-ziemia-ksiezyc-46cm\/#breadcrumb"},"inLanguage":"pl-PL","potentialAction":[{"@type":"ReadAction","target":["https:\/\/misiulanki.pl\/index.php\/produkt\/duza-poduszka-ziemia-ksiezyc-46cm\/"]}]},{"@type":"ImageObject","inLanguage":"pl-PL","@id":"https:\/\/misiulanki.pl\/index.php\/produkt\/duza-poduszka-ziemia-ksiezyc-46cm\/#primaryimage","url":"https:\/\/misiulanki.pl\/wp-content\/uploads\/2020\/04\/IMG_20200415_183753.jpg","contentUrl":"https:\/\/misiulanki.pl\/wp-content\/uploads\/2020\/04\/IMG_20200415_183753.jpg","width":745,"height":1000,"caption":"ch\u0142opiec \u015bpi na poduszce ksi\u0119\u017cyc\/ziemia, kosmos"},{"@type":"BreadcrumbList","@id":"https:\/\/misiulanki.pl\/index.php\/produkt\/duza-poduszka-ziemia-ksiezyc-46cm\/#breadcrumb","itemListElement":[{"@type":"ListItem","position":1,"name":"Strona g\u0142\u00f3wna","item":"https:\/\/misiulanki.pl\/"},{"@type":"ListItem","position":2,"name":"Sklep","item":"https:\/\/misiulanki.pl\/"},{"@type":"ListItem","position":3,"name":"Poduszka kosmiczna Ziemia\/Ksi\u0119\u017cyc, 46cm"}]},{"@type":"WebSite","@id":"https:\/\/misiulanki.pl\/#website","url":"https:\/\/misiulanki.pl\/","name":"Misiulanki.pl, poduszki, po\u015bciele, kocyki, artyku\u0142y dla dzieci i niemowl\u0105t","description":"Wyj\u0105tkowe poduszki dla dzieci, kocyki, po\u015bciele dla dzieci, unikalne wzory ze zwierz\u0119tami, r\u0119cznie robione produkty","publisher":{"@id":"https:\/\/misiulanki.pl\/#organization"},"potentialAction":[{"@type":"SearchAction","target":{"@type":"EntryPoint","urlTemplate":"https:\/\/misiulanki.pl\/?s={search_term_string}"},"query-input":{"@type":"PropertyValueSpecification","valueRequired":true,"valueName":"search_term_string"}}],"inLanguage":"pl-PL"},{"@type":"Organization","@id":"https:\/\/misiulanki.pl\/#organization","name":"Misiulanki.pl, poduszki, po\u015bciele, kocyki, artyku\u0142y dla dzieci i niemowl\u0105t","url":"https:\/\/misiulanki.pl\/","logo":{"@type":"ImageObject","inLanguage":"pl-PL","@id":"https:\/\/misiulanki.pl\/#\/schema\/logo\/image\/","url":"https:\/\/misiulanki.pl\/wp-content\/uploads\/2019\/11\/cropped-logomagodziankimale-1-1-2.png","contentUrl":"https:\/\/misiulanki.pl\/wp-content\/uploads\/2019\/11\/cropped-logomagodziankimale-1-1-2.png","width":170,"height":51,"caption":"Misiulanki.pl, poduszki, po\u015bciele, kocyki, artyku\u0142y dla dzieci i niemowl\u0105t"},"image":{"@id":"https:\/\/misiulanki.pl\/#\/schema\/logo\/image\/"},"sameAs":["https:\/\/www.facebook.com\/magodzianki\/","https:\/\/www.instagram.com\/misiulanki\/"]}]}},"_links":{"self":[{"href":"https:\/\/misiulanki.pl\/index.php\/wp-json\/wp\/v2\/product\/1104","targetHints":{"allow":["GET"]}}],"collection":[{"href":"https:\/\/misiulanki.pl\/index.php\/wp-json\/wp\/v2\/product"}],"about":[{"href":"https:\/\/misiulanki.pl\/index.php\/wp-json\/wp\/v2\/types\/product"}],"wp:featuredmedia":[{"embeddable":true,"href":"https:\/\/misiulanki.pl\/index.php\/wp-json\/wp\/v2\/media\/1116"}],"wp:attachment":[{"href":"https:\/\/misiulanki.pl\/index.php\/wp-json\/wp\/v2\/media?parent=1104"}],"wp:term":[{"taxonomy":"product_brand","embeddable":true,"href":"https:\/\/misiulanki.pl\/index.php\/wp-json\/wp\/v2\/product_brand?post=1104"},{"taxonomy":"product_cat","embeddable":true,"href":"https:\/\/misiulanki.pl\/index.php\/wp-json\/wp\/v2\/product_cat?post=1104"},{"taxonomy":"product_tag","embeddable":true,"href":"https:\/\/misiulanki.pl\/index.php\/wp-json\/wp\/v2\/product_tag?post=1104"}],"curies":[{"name":"wp","href":"https:\/\/api.w.org\/{rel}","templated":true}]}}