{"id":1460,"date":"2020-11-19T08:26:28","date_gmt":"2020-11-19T07:26:28","guid":{"rendered":"https:\/\/misiulanki.pl\/?post_type=product&#038;p=1460"},"modified":"2025-11-29T09:26:31","modified_gmt":"2025-11-29T08:26:31","slug":"kocyk-80x60-z-sarenka","status":"publish","type":"product","link":"https:\/\/misiulanki.pl\/index.php\/produkt\/kocyk-80x60-z-sarenka\/","title":{"rendered":"Kocyk z Sarenk\u0105, 80\/60"},"content":{"rendered":"<div class=\"_155f60df\">\n<div class=\"_427cbe5b\">\n<p>Mi\u0119ciutki kocyk\/otulacz\u00a0 z motywem Sarenki (materia\u0142 z wzorem sarenek+ mi\u0119ciutkie futerko po drugiej stronie). Produkt dost\u0119pny tylko u nas, szyty w Polsce, z dba\u0142o\u015bci\u0105 o ka\u017cdy szczeg\u00f3\u0142. Mo\u017cliwo\u015b\u0107 zakupu w zestawie z poduszk\u0105 (wybierz wariant!)<\/p>\n<\/div>\n<div class=\"_427cbe5b\">\n<div class=\"_3cc68582\">\n<div class=\"_155f60df\">\n<div class=\"_427cbe5b\">\n<p><b>Kocyk Sarenka to<\/b><\/p>\n<ul>\n<li>kocyk 80x60cm\n<ul>\n<li>obszyty lam\u00f3wk\u0105<\/li>\n<li>lekko zaokr\u0105glone rogi<\/li>\n<\/ul>\n<\/li>\n<li>autorski wz\u00f3r drukowany na <b>100% bawe\u0142nie<\/b> z certyfikatem <b>OEKO-TEX<\/b><\/li>\n<li>naturalna, mi\u0119kka tkanina najwy\u017cszej jako\u015bci (bawe\u0142na)<\/li>\n<li>druga strona wykonana z mi\u0119ciutkiej, &#8222;misiowej&#8221; dzianiny w stylu shaggy w kolorze BE\u017bOWYM<\/li>\n<li>wzory drukowane na <b>100% bawe\u0142nie<\/b> z certyfikatem <b>OEKO-TEX<\/b><\/li>\n<li><span style=\"color: #ff0000;\"><strong>mo\u017cliwo\u015b\u0107 kupienia w zestawie z poduszk\u0105! (wybierz wariant!)<\/strong><\/span><\/li>\n<\/ul>\n<\/div>\n<p><strong>Wa\u017cne! Wybierz wariant produktu, dost\u0119pne poduszki w zestawie:<\/strong><\/p>\n<ul>\n<li>p\u0142aska poduszka Sarenka -&gt; <a href=\"https:\/\/misiulanki.pl\/index.php\/produkt\/plaska-poduszka-z-sarenka-futerko-39-27cm\/\">https:\/\/misiulanki.pl\/index.php\/produkt\/plaska-poduszka-z-sarenka-futerko-39-27cm\/<\/a><\/li>\n<\/ul>\n<div class=\"_427cbe5b\">\n<p><b>Produkt polski<\/b><\/p>\n<p>Pranie: tkaniny delikatne, 30stopni<\/p>\n<\/div>\n<p>Znajd\u017a nas na naszym Instagramie <a href=\"https:\/\/www.instagram.com\/misiulanki\/\">@misiulanki<\/a> oraz na <a href=\"https:\/\/www.instagram.com\/misiulanki\/\">facebooku<\/a><\/p>\n<\/div>\n<p>Produkt hand-made<\/p>\n<\/div>\n<\/div>\n<\/div>\n","protected":false},"excerpt":{"rendered":"<p>Mi\u0119ciutki kocyk\/otulacz\u00a0 z motywem Sarenki (materia\u0142 z wzorem sarenek+ mi\u0119ciutkie futerko po drugiej stronie). Produkt dost\u0119pny tylko u nas, szyty w Polsce, z dba\u0142o\u015bci\u0105 o ka\u017cdy szczeg\u00f3\u0142. Mo\u017cliwo\u015b\u0107 zakupu w zestawie z poduszk\u0105 (wybierz wariant!) Kocyk Sarenka to kocyk 80x60cm obszyty lam\u00f3wk\u0105 lekko zaokr\u0105glone rogi autorski wz\u00f3r drukowany na 100% bawe\u0142nie z certyfikatem OEKO-TEX naturalna, [&hellip;]<\/p>\n","protected":false},"featured_media":1525,"template":"","meta":{"ocean_post_layout":"","ocean_both_sidebars_style":"","ocean_both_sidebars_content_width":0,"ocean_both_sidebars_sidebars_width":0,"ocean_sidebar":"0","ocean_second_sidebar":"0","ocean_disable_margins":"enable","ocean_add_body_class":"","ocean_shortcode_before_top_bar":"","ocean_shortcode_after_top_bar":"","ocean_shortcode_before_header":"","ocean_shortcode_after_header":"","ocean_has_shortcode":"","ocean_shortcode_after_title":"","ocean_shortcode_before_footer_widgets":"","ocean_shortcode_after_footer_widgets":"","ocean_shortcode_before_footer_bottom":"","ocean_shortcode_after_footer_bottom":"","ocean_display_top_bar":"default","ocean_display_header":"default","ocean_header_style":"","ocean_center_header_left_menu":"0","ocean_custom_header_template":"0","ocean_custom_logo":0,"ocean_custom_retina_logo":0,"ocean_custom_logo_max_width":0,"ocean_custom_logo_tablet_max_width":0,"ocean_custom_logo_mobile_max_width":0,"ocean_custom_logo_max_height":0,"ocean_custom_logo_tablet_max_height":0,"ocean_custom_logo_mobile_max_height":0,"ocean_header_custom_menu":"0","ocean_menu_typo_font_family":"0","ocean_menu_typo_font_subset":"","ocean_menu_typo_font_size":0,"ocean_menu_typo_font_size_tablet":0,"ocean_menu_typo_font_size_mobile":0,"ocean_menu_typo_font_size_unit":"px","ocean_menu_typo_font_weight":"","ocean_menu_typo_font_weight_tablet":"","ocean_menu_typo_font_weight_mobile":"","ocean_menu_typo_transform":"","ocean_menu_typo_transform_tablet":"","ocean_menu_typo_transform_mobile":"","ocean_menu_typo_line_height":0,"ocean_menu_typo_line_height_tablet":0,"ocean_menu_typo_line_height_mobile":0,"ocean_menu_typo_line_height_unit":"","ocean_menu_typo_spacing":0,"ocean_menu_typo_spacing_tablet":0,"ocean_menu_typo_spacing_mobile":0,"ocean_menu_typo_spacing_unit":"","ocean_menu_link_color":"","ocean_menu_link_color_hover":"","ocean_menu_link_color_active":"","ocean_menu_link_background":"","ocean_menu_link_hover_background":"","ocean_menu_link_active_background":"","ocean_menu_social_links_bg":"","ocean_menu_social_hover_links_bg":"","ocean_menu_social_links_color":"","ocean_menu_social_hover_links_color":"","ocean_disable_title":"default","ocean_disable_heading":"default","ocean_post_title":"","ocean_post_subheading":"","ocean_post_title_style":"","ocean_post_title_background_color":"","ocean_post_title_background":0,"ocean_post_title_bg_image_position":"","ocean_post_title_bg_image_attachment":"","ocean_post_title_bg_image_repeat":"","ocean_post_title_bg_image_size":"","ocean_post_title_height":0,"ocean_post_title_bg_overlay":0.5,"ocean_post_title_bg_overlay_color":"","ocean_disable_breadcrumbs":"default","ocean_breadcrumbs_color":"","ocean_breadcrumbs_separator_color":"","ocean_breadcrumbs_links_color":"","ocean_breadcrumbs_links_hover_color":"","ocean_display_footer_widgets":"default","ocean_display_footer_bottom":"default","ocean_custom_footer_template":"0"},"product_brand":[],"product_cat":[98,90,18],"product_tag":[19,117,83,87],"class_list":{"0":"post-1460","1":"product","2":"type-product","3":"status-publish","4":"has-post-thumbnail","6":"product_cat-komplety","7":"product_cat-sarenka","8":"product_cat-kocyki","9":"product_tag-kocyk","10":"product_tag-kolderka","11":"product_tag-przedsprzedaz","12":"product_tag-sarenka","14":"entry","15":"has-media","17":"first","18":"outofstock","19":"shipping-taxable","20":"purchasable","21":"product-type-variable","22":"has-product-nav","23":"col","24":"span_1_of_3","25":"owp-content-center","26":"owp-thumbs-layout-horizontal","27":"owp-btn-normal","28":"owp-tabs-layout-horizontal"},"yoast_head":"<!-- This site is optimized with the Yoast SEO plugin v25.7 - https:\/\/yoast.com\/wordpress\/plugins\/seo\/ -->\n<title>Kocyk z Sarenk\u0105, 80\/60 - Misiulanki.pl, poduszki, po\u015bciele, kocyki, artyku\u0142y dla dzieci i niemowl\u0105t<\/title>\n<meta name=\"robots\" content=\"index, follow, max-snippet:-1, max-image-preview:large, max-video-preview:-1\" \/>\n<link rel=\"canonical\" href=\"https:\/\/misiulanki.pl\/index.php\/produkt\/kocyk-80x60-z-sarenka\/\" \/>\n<meta property=\"og:locale\" content=\"pl_PL\" \/>\n<meta property=\"og:type\" content=\"article\" \/>\n<meta property=\"og:title\" content=\"Kocyk z Sarenk\u0105, 80\/60 - Misiulanki.pl, poduszki, po\u015bciele, kocyki, artyku\u0142y dla dzieci i niemowl\u0105t\" \/>\n<meta property=\"og:description\" content=\"Mi\u0119ciutki kocyk\/otulacz\u00a0 z motywem Sarenki (materia\u0142 z wzorem sarenek+ mi\u0119ciutkie futerko po drugiej stronie). Produkt dost\u0119pny tylko u nas, szyty w Polsce, z dba\u0142o\u015bci\u0105 o ka\u017cdy szczeg\u00f3\u0142. Mo\u017cliwo\u015b\u0107 zakupu w zestawie z poduszk\u0105 (wybierz wariant!) Kocyk Sarenka to kocyk 80x60cm obszyty lam\u00f3wk\u0105 lekko zaokr\u0105glone rogi autorski wz\u00f3r drukowany na 100% bawe\u0142nie z certyfikatem OEKO-TEX naturalna, [&hellip;]\" \/>\n<meta property=\"og:url\" content=\"https:\/\/misiulanki.pl\/index.php\/produkt\/kocyk-80x60-z-sarenka\/\" \/>\n<meta property=\"og:site_name\" content=\"Misiulanki.pl, poduszki, po\u015bciele, kocyki, artyku\u0142y dla dzieci i niemowl\u0105t\" \/>\n<meta property=\"article:publisher\" content=\"https:\/\/www.facebook.com\/magodzianki\/\" \/>\n<meta property=\"article:modified_time\" content=\"2025-11-29T08:26:31+00:00\" \/>\n<meta property=\"og:image\" content=\"https:\/\/misiulanki.pl\/wp-content\/uploads\/2020\/11\/130303045_2828451824104218_3720394537641217068_n.jpg\" \/>\n\t<meta property=\"og:image:width\" content=\"960\" \/>\n\t<meta property=\"og:image:height\" content=\"1280\" \/>\n\t<meta property=\"og:image:type\" content=\"image\/jpeg\" \/>\n<meta name=\"twitter:card\" content=\"summary_large_image\" \/>\n<meta name=\"twitter:label1\" content=\"Szacowany czas czytania\" \/>\n\t<meta name=\"twitter:data1\" content=\"1 minuta\" \/>\n<script type=\"application\/ld+json\" class=\"yoast-schema-graph\">{\"@context\":\"https:\/\/schema.org\",\"@graph\":[{\"@type\":\"WebPage\",\"@id\":\"https:\/\/misiulanki.pl\/index.php\/produkt\/kocyk-80x60-z-sarenka\/\",\"url\":\"https:\/\/misiulanki.pl\/index.php\/produkt\/kocyk-80x60-z-sarenka\/\",\"name\":\"Kocyk z Sarenk\u0105, 80\/60 - Misiulanki.pl, poduszki, po\u015bciele, kocyki, artyku\u0142y dla dzieci i niemowl\u0105t\",\"isPartOf\":{\"@id\":\"https:\/\/misiulanki.pl\/#website\"},\"primaryImageOfPage\":{\"@id\":\"https:\/\/misiulanki.pl\/index.php\/produkt\/kocyk-80x60-z-sarenka\/#primaryimage\"},\"image\":{\"@id\":\"https:\/\/misiulanki.pl\/index.php\/produkt\/kocyk-80x60-z-sarenka\/#primaryimage\"},\"thumbnailUrl\":\"https:\/\/misiulanki.pl\/wp-content\/uploads\/2020\/11\/130303045_2828451824104218_3720394537641217068_n.jpg\",\"datePublished\":\"2020-11-19T07:26:28+00:00\",\"dateModified\":\"2025-11-29T08:26:31+00:00\",\"breadcrumb\":{\"@id\":\"https:\/\/misiulanki.pl\/index.php\/produkt\/kocyk-80x60-z-sarenka\/#breadcrumb\"},\"inLanguage\":\"pl-PL\",\"potentialAction\":[{\"@type\":\"ReadAction\",\"target\":[\"https:\/\/misiulanki.pl\/index.php\/produkt\/kocyk-80x60-z-sarenka\/\"]}]},{\"@type\":\"ImageObject\",\"inLanguage\":\"pl-PL\",\"@id\":\"https:\/\/misiulanki.pl\/index.php\/produkt\/kocyk-80x60-z-sarenka\/#primaryimage\",\"url\":\"https:\/\/misiulanki.pl\/wp-content\/uploads\/2020\/11\/130303045_2828451824104218_3720394537641217068_n.jpg\",\"contentUrl\":\"https:\/\/misiulanki.pl\/wp-content\/uploads\/2020\/11\/130303045_2828451824104218_3720394537641217068_n.jpg\",\"width\":960,\"height\":1280,\"caption\":\"kocyk sarenka\"},{\"@type\":\"BreadcrumbList\",\"@id\":\"https:\/\/misiulanki.pl\/index.php\/produkt\/kocyk-80x60-z-sarenka\/#breadcrumb\",\"itemListElement\":[{\"@type\":\"ListItem\",\"position\":1,\"name\":\"Strona g\u0142\u00f3wna\",\"item\":\"https:\/\/misiulanki.pl\/\"},{\"@type\":\"ListItem\",\"position\":2,\"name\":\"Sklep\",\"item\":\"https:\/\/misiulanki.pl\/\"},{\"@type\":\"ListItem\",\"position\":3,\"name\":\"Kocyk z Sarenk\u0105, 80\/60\"}]},{\"@type\":\"WebSite\",\"@id\":\"https:\/\/misiulanki.pl\/#website\",\"url\":\"https:\/\/misiulanki.pl\/\",\"name\":\"Misiulanki.pl, poduszki, po\u015bciele, kocyki, artyku\u0142y dla dzieci i niemowl\u0105t\",\"description\":\"Wyj\u0105tkowe poduszki dla dzieci, kocyki, po\u015bciele dla dzieci, unikalne wzory ze zwierz\u0119tami, r\u0119cznie robione produkty\",\"publisher\":{\"@id\":\"https:\/\/misiulanki.pl\/#organization\"},\"potentialAction\":[{\"@type\":\"SearchAction\",\"target\":{\"@type\":\"EntryPoint\",\"urlTemplate\":\"https:\/\/misiulanki.pl\/?s={search_term_string}\"},\"query-input\":{\"@type\":\"PropertyValueSpecification\",\"valueRequired\":true,\"valueName\":\"search_term_string\"}}],\"inLanguage\":\"pl-PL\"},{\"@type\":\"Organization\",\"@id\":\"https:\/\/misiulanki.pl\/#organization\",\"name\":\"Misiulanki.pl, poduszki, po\u015bciele, kocyki, artyku\u0142y dla dzieci i niemowl\u0105t\",\"url\":\"https:\/\/misiulanki.pl\/\",\"logo\":{\"@type\":\"ImageObject\",\"inLanguage\":\"pl-PL\",\"@id\":\"https:\/\/misiulanki.pl\/#\/schema\/logo\/image\/\",\"url\":\"https:\/\/misiulanki.pl\/wp-content\/uploads\/2019\/11\/cropped-logomagodziankimale-1-1-2.png\",\"contentUrl\":\"https:\/\/misiulanki.pl\/wp-content\/uploads\/2019\/11\/cropped-logomagodziankimale-1-1-2.png\",\"width\":170,\"height\":51,\"caption\":\"Misiulanki.pl, poduszki, po\u015bciele, kocyki, artyku\u0142y dla dzieci i niemowl\u0105t\"},\"image\":{\"@id\":\"https:\/\/misiulanki.pl\/#\/schema\/logo\/image\/\"},\"sameAs\":[\"https:\/\/www.facebook.com\/magodzianki\/\",\"https:\/\/www.instagram.com\/misiulanki\/\"]}]}<\/script>\n<!-- \/ Yoast SEO plugin. -->","yoast_head_json":{"title":"Kocyk z Sarenk\u0105, 80\/60 - Misiulanki.pl, poduszki, po\u015bciele, kocyki, artyku\u0142y dla dzieci i niemowl\u0105t","robots":{"index":"index","follow":"follow","max-snippet":"max-snippet:-1","max-image-preview":"max-image-preview:large","max-video-preview":"max-video-preview:-1"},"canonical":"https:\/\/misiulanki.pl\/index.php\/produkt\/kocyk-80x60-z-sarenka\/","og_locale":"pl_PL","og_type":"article","og_title":"Kocyk z Sarenk\u0105, 80\/60 - Misiulanki.pl, poduszki, po\u015bciele, kocyki, artyku\u0142y dla dzieci i niemowl\u0105t","og_description":"Mi\u0119ciutki kocyk\/otulacz\u00a0 z motywem Sarenki (materia\u0142 z wzorem sarenek+ mi\u0119ciutkie futerko po drugiej stronie). Produkt dost\u0119pny tylko u nas, szyty w Polsce, z dba\u0142o\u015bci\u0105 o ka\u017cdy szczeg\u00f3\u0142. Mo\u017cliwo\u015b\u0107 zakupu w zestawie z poduszk\u0105 (wybierz wariant!) Kocyk Sarenka to kocyk 80x60cm obszyty lam\u00f3wk\u0105 lekko zaokr\u0105glone rogi autorski wz\u00f3r drukowany na 100% bawe\u0142nie z certyfikatem OEKO-TEX naturalna, [&hellip;]","og_url":"https:\/\/misiulanki.pl\/index.php\/produkt\/kocyk-80x60-z-sarenka\/","og_site_name":"Misiulanki.pl, poduszki, po\u015bciele, kocyki, artyku\u0142y dla dzieci i niemowl\u0105t","article_publisher":"https:\/\/www.facebook.com\/magodzianki\/","article_modified_time":"2025-11-29T08:26:31+00:00","og_image":[{"width":960,"height":1280,"url":"https:\/\/misiulanki.pl\/wp-content\/uploads\/2020\/11\/130303045_2828451824104218_3720394537641217068_n.jpg","type":"image\/jpeg"}],"twitter_card":"summary_large_image","twitter_misc":{"Szacowany czas czytania":"1 minuta"},"schema":{"@context":"https:\/\/schema.org","@graph":[{"@type":"WebPage","@id":"https:\/\/misiulanki.pl\/index.php\/produkt\/kocyk-80x60-z-sarenka\/","url":"https:\/\/misiulanki.pl\/index.php\/produkt\/kocyk-80x60-z-sarenka\/","name":"Kocyk z Sarenk\u0105, 80\/60 - Misiulanki.pl, poduszki, po\u015bciele, kocyki, artyku\u0142y dla dzieci i niemowl\u0105t","isPartOf":{"@id":"https:\/\/misiulanki.pl\/#website"},"primaryImageOfPage":{"@id":"https:\/\/misiulanki.pl\/index.php\/produkt\/kocyk-80x60-z-sarenka\/#primaryimage"},"image":{"@id":"https:\/\/misiulanki.pl\/index.php\/produkt\/kocyk-80x60-z-sarenka\/#primaryimage"},"thumbnailUrl":"https:\/\/misiulanki.pl\/wp-content\/uploads\/2020\/11\/130303045_2828451824104218_3720394537641217068_n.jpg","datePublished":"2020-11-19T07:26:28+00:00","dateModified":"2025-11-29T08:26:31+00:00","breadcrumb":{"@id":"https:\/\/misiulanki.pl\/index.php\/produkt\/kocyk-80x60-z-sarenka\/#breadcrumb"},"inLanguage":"pl-PL","potentialAction":[{"@type":"ReadAction","target":["https:\/\/misiulanki.pl\/index.php\/produkt\/kocyk-80x60-z-sarenka\/"]}]},{"@type":"ImageObject","inLanguage":"pl-PL","@id":"https:\/\/misiulanki.pl\/index.php\/produkt\/kocyk-80x60-z-sarenka\/#primaryimage","url":"https:\/\/misiulanki.pl\/wp-content\/uploads\/2020\/11\/130303045_2828451824104218_3720394537641217068_n.jpg","contentUrl":"https:\/\/misiulanki.pl\/wp-content\/uploads\/2020\/11\/130303045_2828451824104218_3720394537641217068_n.jpg","width":960,"height":1280,"caption":"kocyk sarenka"},{"@type":"BreadcrumbList","@id":"https:\/\/misiulanki.pl\/index.php\/produkt\/kocyk-80x60-z-sarenka\/#breadcrumb","itemListElement":[{"@type":"ListItem","position":1,"name":"Strona g\u0142\u00f3wna","item":"https:\/\/misiulanki.pl\/"},{"@type":"ListItem","position":2,"name":"Sklep","item":"https:\/\/misiulanki.pl\/"},{"@type":"ListItem","position":3,"name":"Kocyk z Sarenk\u0105, 80\/60"}]},{"@type":"WebSite","@id":"https:\/\/misiulanki.pl\/#website","url":"https:\/\/misiulanki.pl\/","name":"Misiulanki.pl, poduszki, po\u015bciele, kocyki, artyku\u0142y dla dzieci i niemowl\u0105t","description":"Wyj\u0105tkowe poduszki dla dzieci, kocyki, po\u015bciele dla dzieci, unikalne wzory ze zwierz\u0119tami, r\u0119cznie robione produkty","publisher":{"@id":"https:\/\/misiulanki.pl\/#organization"},"potentialAction":[{"@type":"SearchAction","target":{"@type":"EntryPoint","urlTemplate":"https:\/\/misiulanki.pl\/?s={search_term_string}"},"query-input":{"@type":"PropertyValueSpecification","valueRequired":true,"valueName":"search_term_string"}}],"inLanguage":"pl-PL"},{"@type":"Organization","@id":"https:\/\/misiulanki.pl\/#organization","name":"Misiulanki.pl, poduszki, po\u015bciele, kocyki, artyku\u0142y dla dzieci i niemowl\u0105t","url":"https:\/\/misiulanki.pl\/","logo":{"@type":"ImageObject","inLanguage":"pl-PL","@id":"https:\/\/misiulanki.pl\/#\/schema\/logo\/image\/","url":"https:\/\/misiulanki.pl\/wp-content\/uploads\/2019\/11\/cropped-logomagodziankimale-1-1-2.png","contentUrl":"https:\/\/misiulanki.pl\/wp-content\/uploads\/2019\/11\/cropped-logomagodziankimale-1-1-2.png","width":170,"height":51,"caption":"Misiulanki.pl, poduszki, po\u015bciele, kocyki, artyku\u0142y dla dzieci i niemowl\u0105t"},"image":{"@id":"https:\/\/misiulanki.pl\/#\/schema\/logo\/image\/"},"sameAs":["https:\/\/www.facebook.com\/magodzianki\/","https:\/\/www.instagram.com\/misiulanki\/"]}]}},"_links":{"self":[{"href":"https:\/\/misiulanki.pl\/index.php\/wp-json\/wp\/v2\/product\/1460","targetHints":{"allow":["GET"]}}],"collection":[{"href":"https:\/\/misiulanki.pl\/index.php\/wp-json\/wp\/v2\/product"}],"about":[{"href":"https:\/\/misiulanki.pl\/index.php\/wp-json\/wp\/v2\/types\/product"}],"wp:featuredmedia":[{"embeddable":true,"href":"https:\/\/misiulanki.pl\/index.php\/wp-json\/wp\/v2\/media\/1525"}],"wp:attachment":[{"href":"https:\/\/misiulanki.pl\/index.php\/wp-json\/wp\/v2\/media?parent=1460"}],"wp:term":[{"taxonomy":"product_brand","embeddable":true,"href":"https:\/\/misiulanki.pl\/index.php\/wp-json\/wp\/v2\/product_brand?post=1460"},{"taxonomy":"product_cat","embeddable":true,"href":"https:\/\/misiulanki.pl\/index.php\/wp-json\/wp\/v2\/product_cat?post=1460"},{"taxonomy":"product_tag","embeddable":true,"href":"https:\/\/misiulanki.pl\/index.php\/wp-json\/wp\/v2\/product_tag?post=1460"}],"curies":[{"name":"wp","href":"https:\/\/api.w.org\/{rel}","templated":true}]}}