{"id":1828,"date":"2021-11-26T10:41:58","date_gmt":"2021-11-26T09:41:58","guid":{"rendered":"https:\/\/misiulanki.pl\/?post_type=product&#038;p=1828"},"modified":"2025-11-29T09:23:57","modified_gmt":"2025-11-29T08:23:57","slug":"poszewka-na-posciel-z-misiem-160x120","status":"publish","type":"product","link":"https:\/\/misiulanki.pl\/index.php\/produkt\/poszewka-na-posciel-z-misiem-160x120\/","title":{"rendered":"Poszewka na po\u015bciel z Misiem, 160x120cm"},"content":{"rendered":"<div class=\"_155f60df\">\n<div class=\"_427cbe5b\">\n<p>S\u0142odki komplet po\u015bcieli &#8222;Mi\u015b&#8221;, to zestaw zaprojektowany z my\u015bl\u0105 o najm\u0142odszych. Sk\u0142ada si\u0119 z poszewki i podusi w kszta\u0142cie misia.<\/p>\n<p>Sami projektujemy nasz\u0105 po\u015bciel, dlatego takich wzor\u00f3w nie spotkasz nigdzie indziej.<\/p>\n<p>Wz\u00f3r nanoszony jest na 100% bawe\u0142n\u0119 w profesjonalnej drukarni, dzi\u0119ki czemu nie ma problem\u00f3w z jego jako\u015bci\u0105 i wytrzyma\u0142o\u015bci\u0105.<\/p>\n<div class=\"_3cc68582\">\n<div class=\"_155f60df\">\n<div class=\"_427cbe5b\">\n<p><b>Komplet &#8222;Mi\u015b&#8221; to<\/b><\/p>\n<ul>\n<li>podusia w kszta\u0142cie misia (50x40cm) z antyalergicznym wype\u0142nieniem<\/li>\n<li>poszewka na po\u015bciel z ekspresem (160x120cm)<\/li>\n<li>autorski wz\u00f3r drukowany na <b>100% bawe\u0142nie<\/b> z certyfikatem <b>OEKO-TEX<\/b><\/li>\n<li>naturalna, mi\u0119kka tkanina najwy\u017cszej jako\u015bci (bawe\u0142na)<\/li>\n<li><b>antyalergiczne<\/b>, silikonowe <b>wype\u0142nienie<\/b> poduszki dla Twojego Maluszka<\/li>\n<li>druga strona po\u015bcieli wykonana z \u015bwietnie wygl\u0105daj\u0105cej, bawe\u0142nianej dzianiny &#8222;wafel&#8221;<\/li>\n<li>idealny zestaw dla Twojego Maluszka, swoje komplety maj\u0105 tak\u017ce nasze dzieci \ud83d\ude42<\/li>\n<\/ul>\n<p><b>Produkt polski<\/b><\/p>\n<p>Produkt hand-made, <a href=\"https:\/\/misiulanki.pl\/index.php\/dostawa\/\"><strong>informacje na temat czasu realizacji i dostawy<\/strong><\/a><\/p>\n<\/div>\n<\/div>\n<\/div>\n<\/div>\n<\/div>\n","protected":false},"excerpt":{"rendered":"<p>S\u0142odki komplet po\u015bcieli &#8222;Mi\u015b&#8221;, to zestaw zaprojektowany z my\u015bl\u0105 o najm\u0142odszych. Sk\u0142ada si\u0119 z poszewki i podusi w kszta\u0142cie misia. Sami projektujemy nasz\u0105 po\u015bciel, dlatego takich wzor\u00f3w nie spotkasz nigdzie indziej. Wz\u00f3r nanoszony jest na 100% bawe\u0142n\u0119 w profesjonalnej drukarni, dzi\u0119ki czemu nie ma problem\u00f3w z jego jako\u015bci\u0105 i wytrzyma\u0142o\u015bci\u0105. Komplet &#8222;Mi\u015b&#8221; to podusia w [&hellip;]<\/p>\n","protected":false},"featured_media":960,"template":"","meta":{"ocean_post_layout":"","ocean_both_sidebars_style":"","ocean_both_sidebars_content_width":0,"ocean_both_sidebars_sidebars_width":0,"ocean_sidebar":"0","ocean_second_sidebar":"0","ocean_disable_margins":"enable","ocean_add_body_class":"","ocean_shortcode_before_top_bar":"","ocean_shortcode_after_top_bar":"","ocean_shortcode_before_header":"","ocean_shortcode_after_header":"","ocean_has_shortcode":"","ocean_shortcode_after_title":"","ocean_shortcode_before_footer_widgets":"","ocean_shortcode_after_footer_widgets":"","ocean_shortcode_before_footer_bottom":"","ocean_shortcode_after_footer_bottom":"","ocean_display_top_bar":"default","ocean_display_header":"default","ocean_header_style":"","ocean_center_header_left_menu":"0","ocean_custom_header_template":"0","ocean_custom_logo":0,"ocean_custom_retina_logo":0,"ocean_custom_logo_max_width":0,"ocean_custom_logo_tablet_max_width":0,"ocean_custom_logo_mobile_max_width":0,"ocean_custom_logo_max_height":0,"ocean_custom_logo_tablet_max_height":0,"ocean_custom_logo_mobile_max_height":0,"ocean_header_custom_menu":"0","ocean_menu_typo_font_family":"0","ocean_menu_typo_font_subset":"","ocean_menu_typo_font_size":0,"ocean_menu_typo_font_size_tablet":0,"ocean_menu_typo_font_size_mobile":0,"ocean_menu_typo_font_size_unit":"px","ocean_menu_typo_font_weight":"","ocean_menu_typo_font_weight_tablet":"","ocean_menu_typo_font_weight_mobile":"","ocean_menu_typo_transform":"","ocean_menu_typo_transform_tablet":"","ocean_menu_typo_transform_mobile":"","ocean_menu_typo_line_height":0,"ocean_menu_typo_line_height_tablet":0,"ocean_menu_typo_line_height_mobile":0,"ocean_menu_typo_line_height_unit":"","ocean_menu_typo_spacing":0,"ocean_menu_typo_spacing_tablet":0,"ocean_menu_typo_spacing_mobile":0,"ocean_menu_typo_spacing_unit":"","ocean_menu_link_color":"","ocean_menu_link_color_hover":"","ocean_menu_link_color_active":"","ocean_menu_link_background":"","ocean_menu_link_hover_background":"","ocean_menu_link_active_background":"","ocean_menu_social_links_bg":"","ocean_menu_social_hover_links_bg":"","ocean_menu_social_links_color":"","ocean_menu_social_hover_links_color":"","ocean_disable_title":"default","ocean_disable_heading":"default","ocean_post_title":"","ocean_post_subheading":"","ocean_post_title_style":"","ocean_post_title_background_color":"","ocean_post_title_background":0,"ocean_post_title_bg_image_position":"","ocean_post_title_bg_image_attachment":"","ocean_post_title_bg_image_repeat":"","ocean_post_title_bg_image_size":"","ocean_post_title_height":0,"ocean_post_title_bg_overlay":0.5,"ocean_post_title_bg_overlay_color":"","ocean_disable_breadcrumbs":"default","ocean_breadcrumbs_color":"","ocean_breadcrumbs_separator_color":"","ocean_breadcrumbs_links_color":"","ocean_breadcrumbs_links_hover_color":"","ocean_display_footer_widgets":"default","ocean_display_footer_bottom":"default","ocean_custom_footer_template":"0"},"product_brand":[],"product_cat":[93,15],"product_tag":[],"class_list":{"0":"post-1828","1":"product","2":"type-product","3":"status-publish","4":"has-post-thumbnail","6":"product_cat-mis","7":"product_cat-posciele","9":"entry","10":"has-media","12":"first","13":"outofstock","14":"shipping-taxable","15":"purchasable","16":"product-type-simple","17":"has-product-nav","18":"col","19":"span_1_of_3","20":"owp-content-center","21":"owp-thumbs-layout-horizontal","22":"owp-btn-normal","23":"owp-tabs-layout-horizontal"},"yoast_head":"<!-- This site is optimized with the Yoast SEO plugin v25.7 - https:\/\/yoast.com\/wordpress\/plugins\/seo\/ -->\n<title>Poszewka na po\u015bciel z Misiem, 160x120cm - Misiulanki.pl, poduszki, po\u015bciele, kocyki, artyku\u0142y dla dzieci i niemowl\u0105t<\/title>\n<meta name=\"robots\" content=\"index, follow, max-snippet:-1, max-image-preview:large, max-video-preview:-1\" \/>\n<link rel=\"canonical\" href=\"https:\/\/misiulanki.pl\/index.php\/produkt\/poszewka-na-posciel-z-misiem-160x120\/\" \/>\n<meta property=\"og:locale\" content=\"pl_PL\" \/>\n<meta property=\"og:type\" content=\"article\" \/>\n<meta property=\"og:title\" content=\"Poszewka na po\u015bciel z Misiem, 160x120cm - Misiulanki.pl, poduszki, po\u015bciele, kocyki, artyku\u0142y dla dzieci i niemowl\u0105t\" \/>\n<meta property=\"og:description\" content=\"S\u0142odki komplet po\u015bcieli &#8222;Mi\u015b&#8221;, to zestaw zaprojektowany z my\u015bl\u0105 o najm\u0142odszych. Sk\u0142ada si\u0119 z poszewki i podusi w kszta\u0142cie misia. Sami projektujemy nasz\u0105 po\u015bciel, dlatego takich wzor\u00f3w nie spotkasz nigdzie indziej. Wz\u00f3r nanoszony jest na 100% bawe\u0142n\u0119 w profesjonalnej drukarni, dzi\u0119ki czemu nie ma problem\u00f3w z jego jako\u015bci\u0105 i wytrzyma\u0142o\u015bci\u0105. Komplet &#8222;Mi\u015b&#8221; to podusia w [&hellip;]\" \/>\n<meta property=\"og:url\" content=\"https:\/\/misiulanki.pl\/index.php\/produkt\/poszewka-na-posciel-z-misiem-160x120\/\" \/>\n<meta property=\"og:site_name\" content=\"Misiulanki.pl, poduszki, po\u015bciele, kocyki, artyku\u0142y dla dzieci i niemowl\u0105t\" \/>\n<meta property=\"article:publisher\" content=\"https:\/\/www.facebook.com\/magodzianki\/\" \/>\n<meta property=\"article:modified_time\" content=\"2025-11-29T08:23:57+00:00\" \/>\n<meta property=\"og:image\" content=\"https:\/\/misiulanki.pl\/wp-content\/uploads\/2020\/01\/komplet_mis_duzy.jpg\" \/>\n\t<meta property=\"og:image:width\" content=\"1000\" \/>\n\t<meta property=\"og:image:height\" content=\"1250\" \/>\n\t<meta property=\"og:image:type\" content=\"image\/jpeg\" \/>\n<meta name=\"twitter:card\" content=\"summary_large_image\" \/>\n<meta name=\"twitter:label1\" content=\"Szacowany czas czytania\" \/>\n\t<meta name=\"twitter:data1\" content=\"1 minuta\" \/>\n<script type=\"application\/ld+json\" class=\"yoast-schema-graph\">{\"@context\":\"https:\/\/schema.org\",\"@graph\":[{\"@type\":\"WebPage\",\"@id\":\"https:\/\/misiulanki.pl\/index.php\/produkt\/poszewka-na-posciel-z-misiem-160x120\/\",\"url\":\"https:\/\/misiulanki.pl\/index.php\/produkt\/poszewka-na-posciel-z-misiem-160x120\/\",\"name\":\"Poszewka na po\u015bciel z Misiem, 160x120cm - Misiulanki.pl, poduszki, po\u015bciele, kocyki, artyku\u0142y dla dzieci i niemowl\u0105t\",\"isPartOf\":{\"@id\":\"https:\/\/misiulanki.pl\/#website\"},\"primaryImageOfPage\":{\"@id\":\"https:\/\/misiulanki.pl\/index.php\/produkt\/poszewka-na-posciel-z-misiem-160x120\/#primaryimage\"},\"image\":{\"@id\":\"https:\/\/misiulanki.pl\/index.php\/produkt\/poszewka-na-posciel-z-misiem-160x120\/#primaryimage\"},\"thumbnailUrl\":\"https:\/\/misiulanki.pl\/wp-content\/uploads\/2020\/01\/komplet_mis_duzy.jpg\",\"datePublished\":\"2021-11-26T09:41:58+00:00\",\"dateModified\":\"2025-11-29T08:23:57+00:00\",\"breadcrumb\":{\"@id\":\"https:\/\/misiulanki.pl\/index.php\/produkt\/poszewka-na-posciel-z-misiem-160x120\/#breadcrumb\"},\"inLanguage\":\"pl-PL\",\"potentialAction\":[{\"@type\":\"ReadAction\",\"target\":[\"https:\/\/misiulanki.pl\/index.php\/produkt\/poszewka-na-posciel-z-misiem-160x120\/\"]}]},{\"@type\":\"ImageObject\",\"inLanguage\":\"pl-PL\",\"@id\":\"https:\/\/misiulanki.pl\/index.php\/produkt\/poszewka-na-posciel-z-misiem-160x120\/#primaryimage\",\"url\":\"https:\/\/misiulanki.pl\/wp-content\/uploads\/2020\/01\/komplet_mis_duzy.jpg\",\"contentUrl\":\"https:\/\/misiulanki.pl\/wp-content\/uploads\/2020\/01\/komplet_mis_duzy.jpg\",\"width\":1000,\"height\":1250,\"caption\":\"komplet poduszka i po\u015bciel wz\u00f3r misio dla przedszkolaka\"},{\"@type\":\"BreadcrumbList\",\"@id\":\"https:\/\/misiulanki.pl\/index.php\/produkt\/poszewka-na-posciel-z-misiem-160x120\/#breadcrumb\",\"itemListElement\":[{\"@type\":\"ListItem\",\"position\":1,\"name\":\"Strona g\u0142\u00f3wna\",\"item\":\"https:\/\/misiulanki.pl\/\"},{\"@type\":\"ListItem\",\"position\":2,\"name\":\"Sklep\",\"item\":\"https:\/\/misiulanki.pl\/\"},{\"@type\":\"ListItem\",\"position\":3,\"name\":\"Poszewka na po\u015bciel z Misiem, 160x120cm\"}]},{\"@type\":\"WebSite\",\"@id\":\"https:\/\/misiulanki.pl\/#website\",\"url\":\"https:\/\/misiulanki.pl\/\",\"name\":\"Misiulanki.pl, poduszki, po\u015bciele, kocyki, artyku\u0142y dla dzieci i niemowl\u0105t\",\"description\":\"Wyj\u0105tkowe poduszki dla dzieci, kocyki, po\u015bciele dla dzieci, unikalne wzory ze zwierz\u0119tami, r\u0119cznie robione produkty\",\"publisher\":{\"@id\":\"https:\/\/misiulanki.pl\/#organization\"},\"potentialAction\":[{\"@type\":\"SearchAction\",\"target\":{\"@type\":\"EntryPoint\",\"urlTemplate\":\"https:\/\/misiulanki.pl\/?s={search_term_string}\"},\"query-input\":{\"@type\":\"PropertyValueSpecification\",\"valueRequired\":true,\"valueName\":\"search_term_string\"}}],\"inLanguage\":\"pl-PL\"},{\"@type\":\"Organization\",\"@id\":\"https:\/\/misiulanki.pl\/#organization\",\"name\":\"Misiulanki.pl, poduszki, po\u015bciele, kocyki, artyku\u0142y dla dzieci i niemowl\u0105t\",\"url\":\"https:\/\/misiulanki.pl\/\",\"logo\":{\"@type\":\"ImageObject\",\"inLanguage\":\"pl-PL\",\"@id\":\"https:\/\/misiulanki.pl\/#\/schema\/logo\/image\/\",\"url\":\"https:\/\/misiulanki.pl\/wp-content\/uploads\/2019\/11\/cropped-logomagodziankimale-1-1-2.png\",\"contentUrl\":\"https:\/\/misiulanki.pl\/wp-content\/uploads\/2019\/11\/cropped-logomagodziankimale-1-1-2.png\",\"width\":170,\"height\":51,\"caption\":\"Misiulanki.pl, poduszki, po\u015bciele, kocyki, artyku\u0142y dla dzieci i niemowl\u0105t\"},\"image\":{\"@id\":\"https:\/\/misiulanki.pl\/#\/schema\/logo\/image\/\"},\"sameAs\":[\"https:\/\/www.facebook.com\/magodzianki\/\",\"https:\/\/www.instagram.com\/misiulanki\/\"]}]}<\/script>\n<!-- \/ Yoast SEO plugin. -->","yoast_head_json":{"title":"Poszewka na po\u015bciel z Misiem, 160x120cm - Misiulanki.pl, poduszki, po\u015bciele, kocyki, artyku\u0142y dla dzieci i niemowl\u0105t","robots":{"index":"index","follow":"follow","max-snippet":"max-snippet:-1","max-image-preview":"max-image-preview:large","max-video-preview":"max-video-preview:-1"},"canonical":"https:\/\/misiulanki.pl\/index.php\/produkt\/poszewka-na-posciel-z-misiem-160x120\/","og_locale":"pl_PL","og_type":"article","og_title":"Poszewka na po\u015bciel z Misiem, 160x120cm - Misiulanki.pl, poduszki, po\u015bciele, kocyki, artyku\u0142y dla dzieci i niemowl\u0105t","og_description":"S\u0142odki komplet po\u015bcieli &#8222;Mi\u015b&#8221;, to zestaw zaprojektowany z my\u015bl\u0105 o najm\u0142odszych. Sk\u0142ada si\u0119 z poszewki i podusi w kszta\u0142cie misia. Sami projektujemy nasz\u0105 po\u015bciel, dlatego takich wzor\u00f3w nie spotkasz nigdzie indziej. Wz\u00f3r nanoszony jest na 100% bawe\u0142n\u0119 w profesjonalnej drukarni, dzi\u0119ki czemu nie ma problem\u00f3w z jego jako\u015bci\u0105 i wytrzyma\u0142o\u015bci\u0105. Komplet &#8222;Mi\u015b&#8221; to podusia w [&hellip;]","og_url":"https:\/\/misiulanki.pl\/index.php\/produkt\/poszewka-na-posciel-z-misiem-160x120\/","og_site_name":"Misiulanki.pl, poduszki, po\u015bciele, kocyki, artyku\u0142y dla dzieci i niemowl\u0105t","article_publisher":"https:\/\/www.facebook.com\/magodzianki\/","article_modified_time":"2025-11-29T08:23:57+00:00","og_image":[{"width":1000,"height":1250,"url":"https:\/\/misiulanki.pl\/wp-content\/uploads\/2020\/01\/komplet_mis_duzy.jpg","type":"image\/jpeg"}],"twitter_card":"summary_large_image","twitter_misc":{"Szacowany czas czytania":"1 minuta"},"schema":{"@context":"https:\/\/schema.org","@graph":[{"@type":"WebPage","@id":"https:\/\/misiulanki.pl\/index.php\/produkt\/poszewka-na-posciel-z-misiem-160x120\/","url":"https:\/\/misiulanki.pl\/index.php\/produkt\/poszewka-na-posciel-z-misiem-160x120\/","name":"Poszewka na po\u015bciel z Misiem, 160x120cm - Misiulanki.pl, poduszki, po\u015bciele, kocyki, artyku\u0142y dla dzieci i niemowl\u0105t","isPartOf":{"@id":"https:\/\/misiulanki.pl\/#website"},"primaryImageOfPage":{"@id":"https:\/\/misiulanki.pl\/index.php\/produkt\/poszewka-na-posciel-z-misiem-160x120\/#primaryimage"},"image":{"@id":"https:\/\/misiulanki.pl\/index.php\/produkt\/poszewka-na-posciel-z-misiem-160x120\/#primaryimage"},"thumbnailUrl":"https:\/\/misiulanki.pl\/wp-content\/uploads\/2020\/01\/komplet_mis_duzy.jpg","datePublished":"2021-11-26T09:41:58+00:00","dateModified":"2025-11-29T08:23:57+00:00","breadcrumb":{"@id":"https:\/\/misiulanki.pl\/index.php\/produkt\/poszewka-na-posciel-z-misiem-160x120\/#breadcrumb"},"inLanguage":"pl-PL","potentialAction":[{"@type":"ReadAction","target":["https:\/\/misiulanki.pl\/index.php\/produkt\/poszewka-na-posciel-z-misiem-160x120\/"]}]},{"@type":"ImageObject","inLanguage":"pl-PL","@id":"https:\/\/misiulanki.pl\/index.php\/produkt\/poszewka-na-posciel-z-misiem-160x120\/#primaryimage","url":"https:\/\/misiulanki.pl\/wp-content\/uploads\/2020\/01\/komplet_mis_duzy.jpg","contentUrl":"https:\/\/misiulanki.pl\/wp-content\/uploads\/2020\/01\/komplet_mis_duzy.jpg","width":1000,"height":1250,"caption":"komplet poduszka i po\u015bciel wz\u00f3r misio dla przedszkolaka"},{"@type":"BreadcrumbList","@id":"https:\/\/misiulanki.pl\/index.php\/produkt\/poszewka-na-posciel-z-misiem-160x120\/#breadcrumb","itemListElement":[{"@type":"ListItem","position":1,"name":"Strona g\u0142\u00f3wna","item":"https:\/\/misiulanki.pl\/"},{"@type":"ListItem","position":2,"name":"Sklep","item":"https:\/\/misiulanki.pl\/"},{"@type":"ListItem","position":3,"name":"Poszewka na po\u015bciel z Misiem, 160x120cm"}]},{"@type":"WebSite","@id":"https:\/\/misiulanki.pl\/#website","url":"https:\/\/misiulanki.pl\/","name":"Misiulanki.pl, poduszki, po\u015bciele, kocyki, artyku\u0142y dla dzieci i niemowl\u0105t","description":"Wyj\u0105tkowe poduszki dla dzieci, kocyki, po\u015bciele dla dzieci, unikalne wzory ze zwierz\u0119tami, r\u0119cznie robione produkty","publisher":{"@id":"https:\/\/misiulanki.pl\/#organization"},"potentialAction":[{"@type":"SearchAction","target":{"@type":"EntryPoint","urlTemplate":"https:\/\/misiulanki.pl\/?s={search_term_string}"},"query-input":{"@type":"PropertyValueSpecification","valueRequired":true,"valueName":"search_term_string"}}],"inLanguage":"pl-PL"},{"@type":"Organization","@id":"https:\/\/misiulanki.pl\/#organization","name":"Misiulanki.pl, poduszki, po\u015bciele, kocyki, artyku\u0142y dla dzieci i niemowl\u0105t","url":"https:\/\/misiulanki.pl\/","logo":{"@type":"ImageObject","inLanguage":"pl-PL","@id":"https:\/\/misiulanki.pl\/#\/schema\/logo\/image\/","url":"https:\/\/misiulanki.pl\/wp-content\/uploads\/2019\/11\/cropped-logomagodziankimale-1-1-2.png","contentUrl":"https:\/\/misiulanki.pl\/wp-content\/uploads\/2019\/11\/cropped-logomagodziankimale-1-1-2.png","width":170,"height":51,"caption":"Misiulanki.pl, poduszki, po\u015bciele, kocyki, artyku\u0142y dla dzieci i niemowl\u0105t"},"image":{"@id":"https:\/\/misiulanki.pl\/#\/schema\/logo\/image\/"},"sameAs":["https:\/\/www.facebook.com\/magodzianki\/","https:\/\/www.instagram.com\/misiulanki\/"]}]}},"_links":{"self":[{"href":"https:\/\/misiulanki.pl\/index.php\/wp-json\/wp\/v2\/product\/1828","targetHints":{"allow":["GET"]}}],"collection":[{"href":"https:\/\/misiulanki.pl\/index.php\/wp-json\/wp\/v2\/product"}],"about":[{"href":"https:\/\/misiulanki.pl\/index.php\/wp-json\/wp\/v2\/types\/product"}],"wp:featuredmedia":[{"embeddable":true,"href":"https:\/\/misiulanki.pl\/index.php\/wp-json\/wp\/v2\/media\/960"}],"wp:attachment":[{"href":"https:\/\/misiulanki.pl\/index.php\/wp-json\/wp\/v2\/media?parent=1828"}],"wp:term":[{"taxonomy":"product_brand","embeddable":true,"href":"https:\/\/misiulanki.pl\/index.php\/wp-json\/wp\/v2\/product_brand?post=1828"},{"taxonomy":"product_cat","embeddable":true,"href":"https:\/\/misiulanki.pl\/index.php\/wp-json\/wp\/v2\/product_cat?post=1828"},{"taxonomy":"product_tag","embeddable":true,"href":"https:\/\/misiulanki.pl\/index.php\/wp-json\/wp\/v2\/product_tag?post=1828"}],"curies":[{"name":"wp","href":"https:\/\/api.w.org\/{rel}","templated":true}]}}